{"id":85,"date":"2013-01-31T01:48:18","date_gmt":"2013-01-30T23:48:18","guid":{"rendered":"https:\/\/www.boberroehrsdorf.de\/?page_id=85"},"modified":"2020-01-11T11:42:08","modified_gmt":"2020-01-11T09:42:08","slug":"nachforschung","status":"publish","type":"page","link":"https:\/\/www.boberroehrsdorf.de\/?page_id=85","title":{"rendered":"Nachforschungen zu Ort und Leben"},"content":{"rendered":"<p><b>Hier k\u00f6nnen auch Sie dazu beitragen, dass unsere Vorfahren, die ehemaligen deutschen Einwohner von Boberr\u00f6hrsdorf, nicht in Vergessenheit geraten!<\/b><strong>&nbsp;<\/strong><\/p>\n<p><strong>Wer noch alte Fotos oder andere Dokumente von Boberr\u00f6hrsdorf besitzt, die nicht auf dem M\u00fcll der Geschichte landen sollen, hat auf dieser&nbsp;Homepage&nbsp;die M\u00f6glichkeit diese zu ver\u00f6ffentlichen und so f\u00fcr&nbsp;kommende Generationen zu erhalten. Auch f\u00fcr weitere Hinweise zu Literatur \u00fcber Boberr\u00f6hrsdorf bin ich dankbar. An dieser Stelle m\u00f6chte ich noch einmal &nbsp;ausdr\u00fccklich darauf hinweisen, dass ich weder etwas ankaufe und auch nichts verkaufe! Bitte um Kontaktaufnahme \u00fcber das G\u00e4stebuch.<\/strong><\/p>\n<h2><strong><span style=\"text-decoration: underline;\">Vorhandene Literatur und weitere Daten zu Boberr\u00f6hrsdorf<\/span><\/strong><\/h2>\n<p>Die angezeigten Links bitte kopieren und einfach in Ihren Browser einf\u00fcgen!<\/p>\n<ul>\n<li><strong>Jubil\u00e4umsschrift<\/strong> von 1932, zum 150 j\u00e4hrigen Bestehen der ev. Kirche: &#8222;Aus dem Leben der (evang.) Kirchgemeinde Boberr\u00f6hrsdorf in den Jahren 1742 bis 1932&#8220; von Edgar Br\u00e4uer<\/li>\n<li><strong>Kirchenb\u00fccher der <span style=\"text-decoration: underline;\">evangelischen<\/span> Gemeinde in Boberr\u00f6hrsdorf<\/strong>, Geburten&nbsp;1748-1891, Trauungen 1766-1914, Sterbef\u00e4lle 1749-1885.<br \/>\nOnlinezugriff:<span style=\"color: #0000ff;\">&nbsp;&nbsp;http:\/\/data.matricula-online.eu\/de\/polen\/breslau\/boberroehrsdorf\/<\/span><\/li>\n<li><strong>Ortsplan<\/strong> mit den Namen der deutschen Familien, die bis 1945 hier gelebt haben<\/li>\n<li>&#8222;Kann nicht liegt auf dem Kirchhof&#8220; Von guten und schlechten Zeiten-<strong> Erinnerungen an Niederschlesien<\/strong> 1922-1945, <strong>Martha Wolff <\/strong>(Erinnerungen aus Boberr\u00f6hrsdorf)<\/li>\n<li><strong>Handbuch der historischen St\u00e4tten<\/strong> -Schlesien-, Alfred Kr\u00f6ner Verlag<\/li>\n<li><strong>Online-Listen der Einwohner<\/strong> von Boberr\u00f6hrsdorf vor 1945: &nbsp;<span style=\"color: #0000ff;\">www.wimawabu.de\/adressbuecher\/Adressbuecher_1927\/Bew_Boberroehrsdorf_1927%23.pdf<\/span><\/li>\n<\/ul>\n<p><span style=\"color: #0000ff;\">&#8212;&#8212;&#8212;&#8212;&#8212;&#8212;&#8212;&#8212;&#8212;&#8212;&#8212;&#8212;&#8212;&#8212;&#8212;&#8212;&#8212;&#8212;&#8212;&#8212;&#8212;&#8212;&#8212;&#8212;&#8212;&#8212;&#8212;&#8212;&#8212;&#8212;&#8212;&#8212;&#8212;&#8212;&#8212;<\/span><\/p>\n<p>&nbsp;<\/p>\n<p><span style=\"color: #0000ff;\">&nbsp;<\/span><\/p>\n","protected":false},"excerpt":{"rendered":"<p>Hier k\u00f6nnen auch Sie dazu beitragen, dass unsere Vorfahren, die ehemaligen deutschen Einwohner von Boberr\u00f6hrsdorf, nicht in Vergessenheit geraten!&nbsp; Wer noch alte Fotos oder andere Dokumente von Boberr\u00f6hrsdorf besitzt, die nicht auf dem M\u00fcll der Geschichte landen sollen, hat auf dieser&nbsp;Homepage&nbsp;die M\u00f6glichkeit diese zu ver\u00f6ffentlichen und so f\u00fcr&nbsp;kommende Generationen zu erhalten. Auch f\u00fcr weitere Hinweise zu Literatur \u00fcber Boberr\u00f6hrsdorf bin<\/p>\n<p><a class=\"more-link\" href=\"https:\/\/www.boberroehrsdorf.de\/?page_id=85\">Weiterlesen<\/a><\/p>\n","protected":false},"author":3,"featured_media":319,"parent":456,"menu_order":0,"comment_status":"closed","ping_status":"closed","template":"","meta":{"footnotes":""},"class_list":["post-85","page","type-page","status-publish","has-post-thumbnail","hentry"],"_links":{"self":[{"href":"https:\/\/www.boberroehrsdorf.de\/index.php?rest_route=\/wp\/v2\/pages\/85","targetHints":{"allow":["GET"]}}],"collection":[{"href":"https:\/\/www.boberroehrsdorf.de\/index.php?rest_route=\/wp\/v2\/pages"}],"about":[{"href":"https:\/\/www.boberroehrsdorf.de\/index.php?rest_route=\/wp\/v2\/types\/page"}],"author":[{"embeddable":true,"href":"https:\/\/www.boberroehrsdorf.de\/index.php?rest_route=\/wp\/v2\/users\/3"}],"replies":[{"embeddable":true,"href":"https:\/\/www.boberroehrsdorf.de\/index.php?rest_route=%2Fwp%2Fv2%2Fcomments&post=85"}],"version-history":[{"count":22,"href":"https:\/\/www.boberroehrsdorf.de\/index.php?rest_route=\/wp\/v2\/pages\/85\/revisions"}],"predecessor-version":[{"id":1334,"href":"https:\/\/www.boberroehrsdorf.de\/index.php?rest_route=\/wp\/v2\/pages\/85\/revisions\/1334"}],"up":[{"embeddable":true,"href":"https:\/\/www.boberroehrsdorf.de\/index.php?rest_route=\/wp\/v2\/pages\/456"}],"wp:featuredmedia":[{"embeddable":true,"href":"https:\/\/www.boberroehrsdorf.de\/index.php?rest_route=\/wp\/v2\/media\/319"}],"wp:attachment":[{"href":"https:\/\/www.boberroehrsdorf.de\/index.php?rest_route=%2Fwp%2Fv2%2Fmedia&parent=85"}],"curies":[{"name":"wp","href":"https:\/\/api.w.org\/{rel}","templated":true}]}}