{"id":692,"date":"2017-08-13T19:10:55","date_gmt":"2017-08-13T17:10:55","guid":{"rendered":"https:\/\/www.boberroehrsdorf.de\/?page_id=692"},"modified":"2021-12-09T18:45:42","modified_gmt":"2021-12-09T16:45:42","slug":"katholische-kirche-st-nikolai","status":"publish","type":"page","link":"https:\/\/www.boberroehrsdorf.de\/?page_id=692","title":{"rendered":"Katholische Kirche St. Nikolai"},"content":{"rendered":"\t\t<div data-elementor-type=\"wp-page\" data-elementor-id=\"692\" class=\"elementor elementor-692\">\n\t\t\t\t\t\t\t\t\t<section class=\"elementor-section elementor-top-section elementor-element elementor-element-cf5d25d elementor-section-boxed elementor-section-height-default elementor-section-height-default\" data-id=\"cf5d25d\" data-element_type=\"section\">\n\t\t\t\t\t\t<div class=\"elementor-container elementor-column-gap-default\">\n\t\t\t\t\t<div class=\"elementor-column elementor-col-100 elementor-top-column elementor-element elementor-element-6585f0fc\" data-id=\"6585f0fc\" data-element_type=\"column\">\n\t\t\t<div class=\"elementor-widget-wrap elementor-element-populated\">\n\t\t\t\t\t\t\t\t<div class=\"elementor-element elementor-element-db52ce7 elementor-widget elementor-widget-text-editor\" data-id=\"db52ce7\" data-element_type=\"widget\" data-widget_type=\"text-editor.default\">\n\t\t\t\t<div class=\"elementor-widget-container\">\n\t\t\t\t\t\t\t<div id=\"attachment_76\" style=\"width: 2804px\" class=\"wp-caption alignnone\"><a href=\"https:\/\/www.boberroehrsdorf.de\/wp-content\/uploads\/P1130999-e1474119649760.jpg\"><img fetchpriority=\"high\" decoding=\"async\" aria-describedby=\"caption-attachment-76\" class=\"wp-image-76 size-full\" src=\"https:\/\/www.boberroehrsdorf.de\/wp-content\/uploads\/P1130999-e1474119649760.jpg\" alt=\"\" width=\"2794\" height=\"1140\" srcset=\"https:\/\/www.boberroehrsdorf.de\/wp-content\/uploads\/P1130999-e1474119649760.jpg 2794w, https:\/\/www.boberroehrsdorf.de\/wp-content\/uploads\/P1130999-e1474119649760-300x122.jpg 300w, https:\/\/www.boberroehrsdorf.de\/wp-content\/uploads\/P1130999-e1474119649760-1024x418.jpg 1024w, https:\/\/www.boberroehrsdorf.de\/wp-content\/uploads\/P1130999-e1474119649760-800x326.jpg 800w, https:\/\/www.boberroehrsdorf.de\/wp-content\/uploads\/P1130999-e1474119649760-768x313.jpg 768w\" sizes=\"(max-width: 2794px) 100vw, 2794px\" \/><\/a><p id=\"caption-attachment-76\" class=\"wp-caption-text\">Die kath. Kirche St. Nikolai, mittendrin im 1800 Seelen Dorf, Boberr\u00f6hrsdorf. Blaue Berge, gr\u00fcne T\u00e4ler..<\/p><\/div><div id=\"attachment_294\" style=\"width: 1034px\" class=\"wp-caption alignnone\"><a href=\"https:\/\/www.boberroehrsdorf.de\/wp-content\/uploads\/P11309820-e1502647824177.jpg\"><img decoding=\"async\" aria-describedby=\"caption-attachment-294\" class=\"wp-image-294 size-large\" src=\"https:\/\/www.boberroehrsdorf.de\/wp-content\/uploads\/P11309820-e1502647824177-1024x576.jpg\" alt=\"\" width=\"1024\" height=\"576\" srcset=\"https:\/\/www.boberroehrsdorf.de\/wp-content\/uploads\/P11309820-e1502647824177-1024x576.jpg 1024w, https:\/\/www.boberroehrsdorf.de\/wp-content\/uploads\/P11309820-e1502647824177-300x169.jpg 300w, https:\/\/www.boberroehrsdorf.de\/wp-content\/uploads\/P11309820-e1502647824177-800x450.jpg 800w, https:\/\/www.boberroehrsdorf.de\/wp-content\/uploads\/P11309820-e1502647824177-768x432.jpg 768w\" sizes=\"(max-width: 1024px) 100vw, 1024px\" \/><\/a><p id=\"caption-attachment-294\" class=\"wp-caption-text\">St. Nikolai im Vordergrund r. ,hinten li. die ev. Kirche, davor das kath. Pfarrhaus<\/p><\/div><p>Die katholische Kirche <em><strong>St. Nikolai\u00a0<\/strong><\/em> ist ein sp\u00e4tgotisches Bauwerk aus der Mitte des 16. Jahrhunderts, das im 18. Jahrhdt. umgestaltet und mit einer Rokokoausstattung der alten Holzdecke versehen wurde. (Aus Handbuch d. hist. St\u00e4tten, Kr\u00f6ner Verlag 2. Ausg.)<\/p><p>Hier h\u00f6rt man den Klang der Glocken der katholischen Kirche St. Nikolai. Vielleicht ist er dem einen oder anderen deutschen Heimatvertriebenen von gl\u00fccklichen und traurigen Anl\u00e4ssen her noch in vertrauter Erinnerung? Die Schwingungen der Glocken, die \u00fcber Jahrhunderte Freud und Leid verk\u00fcndeten sind, f\u00fcr Menschen, die verm\u00f6gen in sich hinein zu lauschen, noch heute wahrzunehmen. Nichts geht verloren in Gottes Universum.<\/p><div id=\"attachment_370\" style=\"width: 1034px\" class=\"wp-caption alignnone\"><a href=\"https:\/\/www.boberroehrsdorf.de\/wp-content\/uploads\/P1130922.jpg\"><img decoding=\"async\" aria-describedby=\"caption-attachment-370\" class=\"wp-image-370 size-large\" src=\"https:\/\/www.boberroehrsdorf.de\/wp-content\/uploads\/P1130922-1024x576.jpg\" alt=\"\" width=\"1024\" height=\"576\" srcset=\"https:\/\/www.boberroehrsdorf.de\/wp-content\/uploads\/P1130922-1024x576.jpg 1024w, https:\/\/www.boberroehrsdorf.de\/wp-content\/uploads\/P1130922-300x169.jpg 300w\" sizes=\"(max-width: 1024px) 100vw, 1024px\" \/><\/a><p id=\"caption-attachment-370\" class=\"wp-caption-text\">An dieser Stelle, zwischen kath. Kirche und Pfarrhaus, befindet sich das Grab meines Ur-Gro\u00dfvaters, Paul Bl\u00fcmel (+1940). Die Grabanlage wurde durch die neuen polnischen Einwohner zerst\u00f6rt. Nicht aber die Erinnerung.<\/p><\/div><p><a href=\"https:\/\/www.boberroehrsdorf.de\/wp-content\/uploads\/Boberr\u00f6hrsdorf-111-II.jpg\"><img loading=\"lazy\" decoding=\"async\" class=\"alignnone wp-image-605 size-large\" src=\"https:\/\/www.boberroehrsdorf.de\/wp-content\/uploads\/Boberr\u00f6hrsdorf-111-II-1024x683.jpg\" alt=\"\" width=\"1024\" height=\"683\" srcset=\"https:\/\/www.boberroehrsdorf.de\/wp-content\/uploads\/Boberr\u00f6hrsdorf-111-II-1024x683.jpg 1024w, https:\/\/www.boberroehrsdorf.de\/wp-content\/uploads\/Boberr\u00f6hrsdorf-111-II-300x200.jpg 300w, https:\/\/www.boberroehrsdorf.de\/wp-content\/uploads\/Boberr\u00f6hrsdorf-111-II-768x512.jpg 768w, https:\/\/www.boberroehrsdorf.de\/wp-content\/uploads\/Boberr\u00f6hrsdorf-111-II-800x533.jpg 800w\" sizes=\"(max-width: 1024px) 100vw, 1024px\" \/><\/a><\/p><div>\u00a0<\/div><div id=\"attachment_1009\" style=\"width: 693px\" class=\"wp-caption alignnone\"><a href=\"https:\/\/www.boberroehrsdorf.de\/wp-content\/uploads\/Boberr\u00f6hrsdorf-96.jpg\"><img loading=\"lazy\" decoding=\"async\" aria-describedby=\"caption-attachment-1009\" class=\"wp-image-1009 size-large\" src=\"https:\/\/www.boberroehrsdorf.de\/wp-content\/uploads\/Boberr\u00f6hrsdorf-96-683x1024.jpg\" alt=\"\" width=\"683\" height=\"1024\" srcset=\"https:\/\/www.boberroehrsdorf.de\/wp-content\/uploads\/Boberr\u00f6hrsdorf-96-683x1024.jpg 683w, https:\/\/www.boberroehrsdorf.de\/wp-content\/uploads\/Boberr\u00f6hrsdorf-96-200x300.jpg 200w, https:\/\/www.boberroehrsdorf.de\/wp-content\/uploads\/Boberr\u00f6hrsdorf-96-768x1151.jpg 768w, https:\/\/www.boberroehrsdorf.de\/wp-content\/uploads\/Boberr\u00f6hrsdorf-96-800x1199.jpg 800w, https:\/\/www.boberroehrsdorf.de\/wp-content\/uploads\/Boberr\u00f6hrsdorf-96.jpg 1401w\" sizes=\"(max-width: 683px) 100vw, 683px\" \/><\/a><p id=\"caption-attachment-1009\" class=\"wp-caption-text\">Seiteneingang<\/p><\/div><p><a href=\"https:\/\/www.boberroehrsdorf.de\/wp-content\/uploads\/Boberr\u00f6hrsdorf-2010-2.jpg\"><img loading=\"lazy\" decoding=\"async\" class=\"alignnone wp-image-1022 size-medium\" src=\"https:\/\/www.boberroehrsdorf.de\/wp-content\/uploads\/Boberr\u00f6hrsdorf-2010-2-169x300.jpg\" alt=\"\" width=\"169\" height=\"300\" srcset=\"https:\/\/www.boberroehrsdorf.de\/wp-content\/uploads\/Boberr\u00f6hrsdorf-2010-2-169x300.jpg 169w, https:\/\/www.boberroehrsdorf.de\/wp-content\/uploads\/Boberr\u00f6hrsdorf-2010-2-768x1365.jpg 768w, https:\/\/www.boberroehrsdorf.de\/wp-content\/uploads\/Boberr\u00f6hrsdorf-2010-2-576x1024.jpg 576w, https:\/\/www.boberroehrsdorf.de\/wp-content\/uploads\/Boberr\u00f6hrsdorf-2010-2-800x1422.jpg 800w, https:\/\/www.boberroehrsdorf.de\/wp-content\/uploads\/Boberr\u00f6hrsdorf-2010-2.jpg 951w\" sizes=\"(max-width: 169px) 100vw, 169px\" \/><\/a><a href=\"https:\/\/www.boberroehrsdorf.de\/wp-content\/uploads\/P1150675.jpg\">\u00a0\u00a0<img loading=\"lazy\" decoding=\"async\" class=\"alignnone wp-image-383 size-medium\" src=\"https:\/\/www.boberroehrsdorf.de\/wp-content\/uploads\/P1150675-169x300.jpg\" alt=\"\" width=\"169\" height=\"300\" srcset=\"https:\/\/www.boberroehrsdorf.de\/wp-content\/uploads\/P1150675-169x300.jpg 169w, https:\/\/www.boberroehrsdorf.de\/wp-content\/uploads\/P1150675-576x1024.jpg 576w, https:\/\/www.boberroehrsdorf.de\/wp-content\/uploads\/P1150675.jpg 1584w\" sizes=\"(max-width: 169px) 100vw, 169px\" \/><\/a>\u00a0<a href=\"https:\/\/www.boberroehrsdorf.de\/wp-content\/uploads\/P1150711.jpg\"><img loading=\"lazy\" decoding=\"async\" class=\"alignnone wp-image-384 size-medium\" src=\"https:\/\/www.boberroehrsdorf.de\/wp-content\/uploads\/P1150711-169x300.jpg\" alt=\"\" width=\"169\" height=\"300\" srcset=\"https:\/\/www.boberroehrsdorf.de\/wp-content\/uploads\/P1150711-169x300.jpg 169w, https:\/\/www.boberroehrsdorf.de\/wp-content\/uploads\/P1150711-576x1024.jpg 576w, https:\/\/www.boberroehrsdorf.de\/wp-content\/uploads\/P1150711.jpg 1584w\" sizes=\"(max-width: 169px) 100vw, 169px\" \/><\/a> \u00a0<a href=\"https:\/\/www.boberroehrsdorf.de\/wp-content\/uploads\/Boberr\u00f6hrsdorf-99.jpg\"><img loading=\"lazy\" decoding=\"async\" class=\"alignnone wp-image-1005 size-medium\" src=\"https:\/\/www.boberroehrsdorf.de\/wp-content\/uploads\/Boberr\u00f6hrsdorf-99-200x300.jpg\" alt=\"\" width=\"200\" height=\"300\" srcset=\"https:\/\/www.boberroehrsdorf.de\/wp-content\/uploads\/Boberr\u00f6hrsdorf-99-200x300.jpg 200w, https:\/\/www.boberroehrsdorf.de\/wp-content\/uploads\/Boberr\u00f6hrsdorf-99-768x1152.jpg 768w, https:\/\/www.boberroehrsdorf.de\/wp-content\/uploads\/Boberr\u00f6hrsdorf-99-683x1024.jpg 683w, https:\/\/www.boberroehrsdorf.de\/wp-content\/uploads\/Boberr\u00f6hrsdorf-99-800x1200.jpg 800w, https:\/\/www.boberroehrsdorf.de\/wp-content\/uploads\/Boberr\u00f6hrsdorf-99.jpg 1383w\" sizes=\"(max-width: 200px) 100vw, 200px\" \/><\/a>\u00a0<a href=\"https:\/\/www.boberroehrsdorf.de\/wp-content\/uploads\/Boberr\u00f6hrsdorf-101.jpg\"><img loading=\"lazy\" decoding=\"async\" class=\"alignnone wp-image-1007 size-medium\" src=\"https:\/\/www.boberroehrsdorf.de\/wp-content\/uploads\/Boberr\u00f6hrsdorf-101-200x300.jpg\" alt=\"\" width=\"200\" height=\"300\" srcset=\"https:\/\/www.boberroehrsdorf.de\/wp-content\/uploads\/Boberr\u00f6hrsdorf-101-200x300.jpg 200w, https:\/\/www.boberroehrsdorf.de\/wp-content\/uploads\/Boberr\u00f6hrsdorf-101-768x1152.jpg 768w, https:\/\/www.boberroehrsdorf.de\/wp-content\/uploads\/Boberr\u00f6hrsdorf-101-683x1024.jpg 683w, https:\/\/www.boberroehrsdorf.de\/wp-content\/uploads\/Boberr\u00f6hrsdorf-101-800x1200.jpg 800w, https:\/\/www.boberroehrsdorf.de\/wp-content\/uploads\/Boberr\u00f6hrsdorf-101.jpg 1383w\" sizes=\"(max-width: 200px) 100vw, 200px\" \/><\/a>\u00a0<a href=\"https:\/\/www.boberroehrsdorf.de\/wp-content\/uploads\/Boberr\u00f6hrsdorf-100.jpg\"><img loading=\"lazy\" decoding=\"async\" class=\"alignnone wp-image-1008 size-medium\" src=\"https:\/\/www.boberroehrsdorf.de\/wp-content\/uploads\/Boberr\u00f6hrsdorf-100-200x300.jpg\" alt=\"\" width=\"200\" height=\"300\" srcset=\"https:\/\/www.boberroehrsdorf.de\/wp-content\/uploads\/Boberr\u00f6hrsdorf-100-200x300.jpg 200w, https:\/\/www.boberroehrsdorf.de\/wp-content\/uploads\/Boberr\u00f6hrsdorf-100-768x1152.jpg 768w, https:\/\/www.boberroehrsdorf.de\/wp-content\/uploads\/Boberr\u00f6hrsdorf-100-683x1024.jpg 683w, https:\/\/www.boberroehrsdorf.de\/wp-content\/uploads\/Boberr\u00f6hrsdorf-100-800x1200.jpg 800w, https:\/\/www.boberroehrsdorf.de\/wp-content\/uploads\/Boberr\u00f6hrsdorf-100.jpg 1245w\" sizes=\"(max-width: 200px) 100vw, 200px\" \/><\/a>\u00a0<a href=\"https:\/\/www.boberroehrsdorf.de\/wp-content\/uploads\/Boberr\u00f6hrsdorf-102.jpg\"><img loading=\"lazy\" decoding=\"async\" class=\"alignnone wp-image-1006 size-medium\" src=\"https:\/\/www.boberroehrsdorf.de\/wp-content\/uploads\/Boberr\u00f6hrsdorf-102-200x300.jpg\" alt=\"\" width=\"200\" height=\"300\" srcset=\"https:\/\/www.boberroehrsdorf.de\/wp-content\/uploads\/Boberr\u00f6hrsdorf-102-200x300.jpg 200w, https:\/\/www.boberroehrsdorf.de\/wp-content\/uploads\/Boberr\u00f6hrsdorf-102-768x1152.jpg 768w, https:\/\/www.boberroehrsdorf.de\/wp-content\/uploads\/Boberr\u00f6hrsdorf-102-683x1024.jpg 683w, https:\/\/www.boberroehrsdorf.de\/wp-content\/uploads\/Boberr\u00f6hrsdorf-102-800x1200.jpg 800w, https:\/\/www.boberroehrsdorf.de\/wp-content\/uploads\/Boberr\u00f6hrsdorf-102.jpg 1383w\" sizes=\"(max-width: 200px) 100vw, 200px\" \/><\/a><\/p><h1>Kirchfriedhof St. Nikolai 2016<\/h1><div id=\"attachment_998\" style=\"width: 586px\" class=\"wp-caption alignnone\"><a href=\"https:\/\/www.boberroehrsdorf.de\/wp-content\/uploads\/2012-Kopie.jpg\"><img loading=\"lazy\" decoding=\"async\" aria-describedby=\"caption-attachment-998\" class=\"wp-image-998 size-large\" src=\"https:\/\/www.boberroehrsdorf.de\/wp-content\/uploads\/2012-Kopie-576x1024.jpg\" alt=\"\" width=\"576\" height=\"1024\" srcset=\"https:\/\/www.boberroehrsdorf.de\/wp-content\/uploads\/2012-Kopie-576x1024.jpg 576w, https:\/\/www.boberroehrsdorf.de\/wp-content\/uploads\/2012-Kopie-169x300.jpg 169w, https:\/\/www.boberroehrsdorf.de\/wp-content\/uploads\/2012-Kopie-768x1365.jpg 768w, https:\/\/www.boberroehrsdorf.de\/wp-content\/uploads\/2012-Kopie.jpg 792w\" sizes=\"(max-width: 576px) 100vw, 576px\" \/><\/a><p id=\"caption-attachment-998\" class=\"wp-caption-text\">2012 Auf dem katholischen Friedhof, Zerst\u00f6rt und instandgesetzt<\/p><\/div><div id=\"attachment_604\" style=\"width: 693px\" class=\"wp-caption alignnone\"><a href=\"https:\/\/www.boberroehrsdorf.de\/wp-content\/uploads\/Boberr\u00f6hrsdorf-109-II.jpg\"><img loading=\"lazy\" decoding=\"async\" aria-describedby=\"caption-attachment-604\" class=\"wp-image-604 size-large\" src=\"https:\/\/www.boberroehrsdorf.de\/wp-content\/uploads\/Boberr\u00f6hrsdorf-109-II-683x1024.jpg\" alt=\"\" width=\"683\" height=\"1024\" srcset=\"https:\/\/www.boberroehrsdorf.de\/wp-content\/uploads\/Boberr\u00f6hrsdorf-109-II-683x1024.jpg 683w, https:\/\/www.boberroehrsdorf.de\/wp-content\/uploads\/Boberr\u00f6hrsdorf-109-II-200x300.jpg 200w, https:\/\/www.boberroehrsdorf.de\/wp-content\/uploads\/Boberr\u00f6hrsdorf-109-II-768x1152.jpg 768w, https:\/\/www.boberroehrsdorf.de\/wp-content\/uploads\/Boberr\u00f6hrsdorf-109-II-800x1200.jpg 800w, https:\/\/www.boberroehrsdorf.de\/wp-content\/uploads\/Boberr\u00f6hrsdorf-109-II.jpg 1728w\" sizes=\"(max-width: 683px) 100vw, 683px\" \/><\/a><p id=\"caption-attachment-604\" class=\"wp-caption-text\">2016 Auf dem katholischen Kirchhof. Alte und neue Grabstelle..<\/p><\/div><p><a href=\"https:\/\/www.boberroehrsdorf.de\/wp-content\/uploads\/Boberr\u00f6hrsdorf-112.jpg\"><img loading=\"lazy\" decoding=\"async\" class=\"alignnone wp-image-1004 size-medium\" src=\"https:\/\/www.boberroehrsdorf.de\/wp-content\/uploads\/Boberr\u00f6hrsdorf-112-300x200.jpg\" alt=\"\" width=\"300\" height=\"200\" srcset=\"https:\/\/www.boberroehrsdorf.de\/wp-content\/uploads\/Boberr\u00f6hrsdorf-112-300x200.jpg 300w, https:\/\/www.boberroehrsdorf.de\/wp-content\/uploads\/Boberr\u00f6hrsdorf-112-768x512.jpg 768w, https:\/\/www.boberroehrsdorf.de\/wp-content\/uploads\/Boberr\u00f6hrsdorf-112-1024x683.jpg 1024w, https:\/\/www.boberroehrsdorf.de\/wp-content\/uploads\/Boberr\u00f6hrsdorf-112-800x533.jpg 800w, https:\/\/www.boberroehrsdorf.de\/wp-content\/uploads\/Boberr\u00f6hrsdorf-112.jpg 1815w\" sizes=\"(max-width: 300px) 100vw, 300px\" \/><\/a>\u00a0 <a href=\"https:\/\/www.boberroehrsdorf.de\/wp-content\/uploads\/Boberr\u00f6hrsdorf-114.jpg\"><img loading=\"lazy\" decoding=\"async\" class=\"alignnone wp-image-1010 size-medium\" src=\"https:\/\/www.boberroehrsdorf.de\/wp-content\/uploads\/Boberr\u00f6hrsdorf-114-300x200.jpg\" alt=\"\" width=\"300\" height=\"200\" srcset=\"https:\/\/www.boberroehrsdorf.de\/wp-content\/uploads\/Boberr\u00f6hrsdorf-114-300x200.jpg 300w, https:\/\/www.boberroehrsdorf.de\/wp-content\/uploads\/Boberr\u00f6hrsdorf-114-768x512.jpg 768w, https:\/\/www.boberroehrsdorf.de\/wp-content\/uploads\/Boberr\u00f6hrsdorf-114-1024x683.jpg 1024w, https:\/\/www.boberroehrsdorf.de\/wp-content\/uploads\/Boberr\u00f6hrsdorf-114-800x534.jpg 800w, https:\/\/www.boberroehrsdorf.de\/wp-content\/uploads\/Boberr\u00f6hrsdorf-114.jpg 1890w\" sizes=\"(max-width: 300px) 100vw, 300px\" \/><\/a>\u00a0 \u00a0<a href=\"https:\/\/www.boberroehrsdorf.de\/wp-content\/uploads\/Boberr\u00f6hrsdorf-106.jpg\">\u00a0\u00a0<\/a><a href=\"https:\/\/www.boberroehrsdorf.de\/wp-content\/uploads\/Boberr\u00f6hrsdorf-106.jpg\"><img loading=\"lazy\" decoding=\"async\" class=\"alignnone wp-image-1011 size-medium\" src=\"https:\/\/www.boberroehrsdorf.de\/wp-content\/uploads\/Boberr\u00f6hrsdorf-106-200x300.jpg\" alt=\"\" width=\"200\" height=\"300\" srcset=\"https:\/\/www.boberroehrsdorf.de\/wp-content\/uploads\/Boberr\u00f6hrsdorf-106-200x300.jpg 200w, https:\/\/www.boberroehrsdorf.de\/wp-content\/uploads\/Boberr\u00f6hrsdorf-106-768x1152.jpg 768w, https:\/\/www.boberroehrsdorf.de\/wp-content\/uploads\/Boberr\u00f6hrsdorf-106-682x1024.jpg 682w, https:\/\/www.boberroehrsdorf.de\/wp-content\/uploads\/Boberr\u00f6hrsdorf-106-800x1200.jpg 800w, https:\/\/www.boberroehrsdorf.de\/wp-content\/uploads\/Boberr\u00f6hrsdorf-106.jpg 1089w\" sizes=\"(max-width: 200px) 100vw, 200px\" \/><\/a><a href=\"https:\/\/www.boberroehrsdorf.de\/wp-content\/uploads\/Boberr\u00f6hrsdorf-107.jpg\"><img loading=\"lazy\" decoding=\"async\" class=\"alignnone wp-image-1003 size-medium\" style=\"font-weight: bold; background-color: transparent; font-size: 1rem;\" src=\"https:\/\/www.boberroehrsdorf.de\/wp-content\/uploads\/Boberr\u00f6hrsdorf-107-200x300.jpg\" alt=\"\" width=\"200\" height=\"300\" \/><\/a><\/p><div class=\"mceTemp\">\u00a0<\/div>\t\t\t\t\t\t<\/div>\n\t\t\t\t<\/div>\n\t\t\t\t\t<\/div>\n\t\t<\/div>\n\t\t\t\t\t\t\t<\/div>\n\t\t<\/section>\n\t\t\t\t\t\t\t<\/div>\n\t\t","protected":false},"excerpt":{"rendered":"<p>Die katholische Kirche St. Nikolai\u00a0 ist ein sp\u00e4tgotisches Bauwerk aus der Mitte des 16. Jahrhunderts, das im 18. Jahrhdt. umgestaltet und mit einer Rokokoausstattung der alten Holzdecke versehen wurde. (Aus Handbuch d. hist. St\u00e4tten, Kr\u00f6ner Verlag 2. Ausg.) Hier h\u00f6rt man den Klang der Glocken der katholischen Kirche St. Nikolai. Vielleicht ist er dem einen oder anderen deutschen Heimatvertriebenen von<\/p>\n<p><a class=\"more-link\" href=\"https:\/\/www.boberroehrsdorf.de\/?page_id=692\">Weiterlesen<\/a><\/p>\n","protected":false},"author":2,"featured_media":601,"parent":0,"menu_order":0,"comment_status":"closed","ping_status":"closed","template":"","meta":{"footnotes":""},"class_list":["post-692","page","type-page","status-publish","has-post-thumbnail","hentry"],"_links":{"self":[{"href":"https:\/\/www.boberroehrsdorf.de\/index.php?rest_route=\/wp\/v2\/pages\/692","targetHints":{"allow":["GET"]}}],"collection":[{"href":"https:\/\/www.boberroehrsdorf.de\/index.php?rest_route=\/wp\/v2\/pages"}],"about":[{"href":"https:\/\/www.boberroehrsdorf.de\/index.php?rest_route=\/wp\/v2\/types\/page"}],"author":[{"embeddable":true,"href":"https:\/\/www.boberroehrsdorf.de\/index.php?rest_route=\/wp\/v2\/users\/2"}],"replies":[{"embeddable":true,"href":"https:\/\/www.boberroehrsdorf.de\/index.php?rest_route=%2Fwp%2Fv2%2Fcomments&post=692"}],"version-history":[{"count":45,"href":"https:\/\/www.boberroehrsdorf.de\/index.php?rest_route=\/wp\/v2\/pages\/692\/revisions"}],"predecessor-version":[{"id":1422,"href":"https:\/\/www.boberroehrsdorf.de\/index.php?rest_route=\/wp\/v2\/pages\/692\/revisions\/1422"}],"wp:featuredmedia":[{"embeddable":true,"href":"https:\/\/www.boberroehrsdorf.de\/index.php?rest_route=\/wp\/v2\/media\/601"}],"wp:attachment":[{"href":"https:\/\/www.boberroehrsdorf.de\/index.php?rest_route=%2Fwp%2Fv2%2Fmedia&parent=692"}],"curies":[{"name":"wp","href":"https:\/\/api.w.org\/{rel}","templated":true}]}}