{"id":689,"date":"2017-08-13T19:07:14","date_gmt":"2017-08-13T17:07:14","guid":{"rendered":"https:\/\/www.boberroehrsdorf.de\/?page_id=689"},"modified":"2019-06-30T11:09:20","modified_gmt":"2019-06-30T09:09:20","slug":"die-riesengebirgsmolkerei","status":"publish","type":"page","link":"https:\/\/www.boberroehrsdorf.de\/?page_id=689","title":{"rendered":"Die Riesengebirgsmolkerei"},"content":{"rendered":"\t\t<div data-elementor-type=\"wp-post\" data-elementor-id=\"689\" class=\"elementor elementor-689\">\n\t\t\t\t\t\t\t\t\t<section class=\"elementor-section elementor-top-section elementor-element elementor-element-7aa892f0 elementor-section-boxed elementor-section-height-default elementor-section-height-default\" data-id=\"7aa892f0\" data-element_type=\"section\">\n\t\t\t\t\t\t<div class=\"elementor-container elementor-column-gap-default\">\n\t\t\t\t\t<div class=\"elementor-column elementor-col-100 elementor-top-column elementor-element elementor-element-2602b491\" data-id=\"2602b491\" data-element_type=\"column\">\n\t\t\t<div class=\"elementor-widget-wrap elementor-element-populated\">\n\t\t\t\t\t\t\t\t<div class=\"elementor-element elementor-element-d47ccd0 elementor-widget elementor-widget-image\" data-id=\"d47ccd0\" data-element_type=\"widget\" data-widget_type=\"image.default\">\n\t\t\t\t<div class=\"elementor-widget-container\">\n\t\t\t\t\t\t\t\t\t\t\t\t<figure class=\"wp-caption\">\n\t\t\t\t\t\t\t\t\t\t<img fetchpriority=\"high\" decoding=\"async\" width=\"1024\" height=\"456\" src=\"https:\/\/www.boberroehrsdorf.de\/wp-content\/uploads\/Alma-Bl\u00fcmel-geb.-Fruhner-in-Rothenbach-2.-v.-links-1-e1503691039922-1024x456.jpg\" class=\"attachment-large size-large wp-image-780\" alt=\"\" srcset=\"https:\/\/www.boberroehrsdorf.de\/wp-content\/uploads\/Alma-Bl\u00fcmel-geb.-Fruhner-in-Rothenbach-2.-v.-links-1-e1503691039922-1024x456.jpg 1024w, https:\/\/www.boberroehrsdorf.de\/wp-content\/uploads\/Alma-Bl\u00fcmel-geb.-Fruhner-in-Rothenbach-2.-v.-links-1-e1503691039922-300x134.jpg 300w, https:\/\/www.boberroehrsdorf.de\/wp-content\/uploads\/Alma-Bl\u00fcmel-geb.-Fruhner-in-Rothenbach-2.-v.-links-1-e1503691039922-768x342.jpg 768w, https:\/\/www.boberroehrsdorf.de\/wp-content\/uploads\/Alma-Bl\u00fcmel-geb.-Fruhner-in-Rothenbach-2.-v.-links-1-e1503691039922-800x357.jpg 800w\" sizes=\"(max-width: 1024px) 100vw, 1024px\" \/>\t\t\t\t\t\t\t\t\t\t\t<figcaption class=\"widget-image-caption wp-caption-text\">Meine Gro\u00dfmutter Alma Bl\u00fcmel (2.v.l.) beim Weiden der K\u00fche<\/figcaption>\n\t\t\t\t\t\t\t\t\t\t<\/figure>\n\t\t\t\t\t\t\t\t\t<\/div>\n\t\t\t\t<\/div>\n\t\t\t\t<div class=\"elementor-element elementor-element-589d0aa1 elementor-widget elementor-widget-text-editor\" data-id=\"589d0aa1\" data-element_type=\"widget\" data-widget_type=\"text-editor.default\">\n\t\t\t\t<div class=\"elementor-widget-container\">\n\t\t\t\t\t\t\t<h2><strong>Die gr\u00f6\u00dfte Molkerei des Riesengebirgsbereiches<\/strong><\/h2><p>Boberr\u00f6hrsdorf bei Hirschberg, von P.K. (1954)<\/p><p>Das gro\u00dfe Dorf Boberr\u00f6hrsdorf im Kreis Hirschberg war bekannt durch seine Bobertalsperre, die der gro\u00dfen Sperre von Mauer zugeschaltet war, ferner durch die romantische Sattlerschlucht mit der Turmsteinbaude und durch das sehr alte Turmschlo\u00df, das weit und breit nicht seines gleichen hatte.<\/p><p>Aber das sch\u00f6ne Bauerndorf am Bober war im ganzen Hirschberger Bereich auch durch die sehr gesch\u00e4tzte Molkerei Boberr\u00f6hrsdorf eGmbH bekannt, die einzige Gro\u00dfmolkerei im Riesengebirgsgebiet, zu dem ja auch das ganze Hirschberger Tal samt dem n\u00f6rdlich anschlie\u00dfenden Vorgebirge angeh\u00f6rt. Dieser gro\u00dfe, leistungsf\u00e4hige Betrieb wurde von Gebirgswanderern wie von Fachinteressenten gern besichtigt. Das Anlieferungsgebiet war sehr umfangreich und erstreckte sich auch \u00fcber Teile\u00a0 der angrenzenden Kreise L\u00f6wenberg und (Altkreis) Sch\u00f6nau a. d. Katzbach.<\/p><p>Zur regelm\u00e4\u00dfigen An- Abfuhr der Milch und der Molkereiprodukte erhielt der Betrieb einen eigenen Fuhrpark mit 12 3-Tonner-LKW, die im Riesengebirgsgebiet wie im Vorgebirge \u00fcberall wie gute Bekannte betrachtet wurden. Die Boberr\u00f6hrsdorfer Molkerei wurde 1902 als Genossenschaftsmolkerei gegr\u00fcndet und war noch Anfang 1934 ein verh\u00e4ltnism\u00e4\u00dfig kleiner, l\u00e4ndlicher Betrieb mit einer Tagesanlieferung von 5000-6000 Litern. In jenem Jahr \u00fcbernahm der in Krugzell (Kreis Kempten) im Bayrischen Allg\u00e4u geborene Max F\u00e4\u00dfler als Direktor die Leitung der Molkerei. Er war es, der\u00a0 den Boberr\u00f6hrsdorfer Betrieb zu einer der gr\u00f6\u00dften schlesischen Molkereien umgestaltete, deren Hygiene vorbildlich war und deren Wirkungsbereich sich seitdem bedeutend vergr\u00f6\u00dferte. Die t\u00e4gliche Milchanlieferung stieg rasch bis auf 60.000 Liter, in den Jahren 1940-45 bis auf 80.000 Liter. Die Molkerei hatte sich zu einer der neuzeitlichsten Molkerei-Gro\u00dfbetriebe Schlesiens entwickelt. Zur Abteilung Molkerei geh\u00f6rten u. a. ein ganz neuzeitliches Laboratorium, das die Qualit\u00e4t der An-und Ablieferung sicherte, eine leistungsf\u00e4hige K\u00fchlanlage mit zwei Kompressoren, Isolierbassins zur Aufnahme von entrahmter Frischmilch, Voll- und Buttermilch, eine neuzeitliche Rahmstube und eine auf Gro\u00dfbetrieb eingestellte Butterei mit automatischer Formung und Verpackung der fertigen Butter.<\/p><p>T\u00e4glich wurden in der Abteilung K\u00e4serei durchschnittlich 25-30.000 Liter Milch zu K\u00e4se verarbeitet: Brie, Camembert, Deutscher Weichk\u00e4se, Edamer, Romadur, K\u00fcmmelk\u00e4se und Femoflor. In der Abteilung Edamer K\u00e4serei wurden t\u00e4glich rund 8.000 Liter Milch zu Edamer K\u00e4se verarbeitet, in der Abteilung Camembert K\u00e4serei t\u00e4glich 10-15.000 Liter Milch zu Camembert und Brie. Deren Herstellung geschah nach eigenen System des Direktor F\u00e4\u00dfler. Dann gab es noch die Herstellung von Femoflor, ein Spezialprodukt der Boberr\u00f6hrsdorfer Molkerei, zu dem t\u00e4glich 12-13.000 Liter Milch verarbeitet wurden. Es war Direktor F\u00e4\u00dfler nach l\u00e4ngerem Versuch gelungen, durch Zusammensetzung verschiedener Kulturen aus Magermilch dieses hervorragende Produkt herzustellen. Femoflor war ein Di\u00e4tk\u00e4se, der besonders von Magen- und Darmkranken sehr gesch\u00e4tzt wurde; er geh\u00f6rte in das Gebiet der Joghurt-Molkereierzeugnisse. Diese bewundernswerte Entwicklung der\u00a0 Molkerei hatte, wie auch zu sagen bleibt, als Voraussetzung eine hochentwickelte Viehzucht im Hirschberger Tale wie auch im Vorgebirge. Sie war besonders gro\u00df in den D\u00f6rfern des Hirschberger Tales, aber mindestens ebenso bedeutend in den D\u00f6rfern des Bober-Katzbach-Gebirges, zu dem man ja auch Boberr\u00f6hrsdorf z\u00e4hlen mu\u00df.<\/p><p>Entnommen aus: \u201eSchlesische Bergwacht\u201c, SB53\/N07\/S08<\/p><div id=\"attachment_349\" style=\"width: 1034px\" class=\"wp-caption alignnone\"><a href=\"https:\/\/www.boberroehrsdorf.de\/wp-content\/uploads\/Molkerei-Boberr\u00f6hrsdorf.jpg\"><img decoding=\"async\" aria-describedby=\"caption-attachment-349\" class=\"wp-image-349 size-large\" src=\"https:\/\/www.boberroehrsdorf.de\/wp-content\/uploads\/Molkerei-Boberr\u00f6hrsdorf-1024x662.jpg\" alt=\"\" width=\"1024\" height=\"662\" srcset=\"https:\/\/www.boberroehrsdorf.de\/wp-content\/uploads\/Molkerei-Boberr\u00f6hrsdorf-1024x662.jpg 1024w, https:\/\/www.boberroehrsdorf.de\/wp-content\/uploads\/Molkerei-Boberr\u00f6hrsdorf-300x194.jpg 300w\" sizes=\"(max-width: 1024px) 100vw, 1024px\" \/><\/a><p id=\"caption-attachment-349\" class=\"wp-caption-text\">Riesengebirgsmolkerei vor 1945 (Foto von Gerhardt Dittrich)<\/p><\/div><div id=\"attachment_782\" style=\"width: 1034px\" class=\"wp-caption alignnone\"><a href=\"https:\/\/www.boberroehrsdorf.de\/wp-content\/uploads\/IMG_20170825_0010.jpg\"><img decoding=\"async\" aria-describedby=\"caption-attachment-782\" class=\"wp-image-782 size-large\" src=\"https:\/\/www.boberroehrsdorf.de\/wp-content\/uploads\/IMG_20170825_0010-1024x661.jpg\" alt=\"\" width=\"1024\" height=\"661\" srcset=\"https:\/\/www.boberroehrsdorf.de\/wp-content\/uploads\/IMG_20170825_0010-1024x661.jpg 1024w, https:\/\/www.boberroehrsdorf.de\/wp-content\/uploads\/IMG_20170825_0010-300x194.jpg 300w, https:\/\/www.boberroehrsdorf.de\/wp-content\/uploads\/IMG_20170825_0010-768x495.jpg 768w, https:\/\/www.boberroehrsdorf.de\/wp-content\/uploads\/IMG_20170825_0010-800x516.jpg 800w\" sizes=\"(max-width: 1024px) 100vw, 1024px\" \/><\/a><p id=\"caption-attachment-782\" class=\"wp-caption-text\">Riesengebirgsmolkerei 1991<\/p><\/div><div id=\"attachment_367\" style=\"width: 1034px\" class=\"wp-caption alignnone\"><a href=\"https:\/\/www.boberroehrsdorf.de\/wp-content\/uploads\/P1140001.jpg\"><img loading=\"lazy\" decoding=\"async\" aria-describedby=\"caption-attachment-367\" class=\"wp-image-367 size-large\" src=\"https:\/\/www.boberroehrsdorf.de\/wp-content\/uploads\/P1140001-1024x576.jpg\" alt=\"\" width=\"1024\" height=\"576\" srcset=\"https:\/\/www.boberroehrsdorf.de\/wp-content\/uploads\/P1140001-1024x576.jpg 1024w, https:\/\/www.boberroehrsdorf.de\/wp-content\/uploads\/P1140001-300x169.jpg 300w\" sizes=\"(max-width: 1024px) 100vw, 1024px\" \/><\/a><p id=\"caption-attachment-367\" class=\"wp-caption-text\">Riesengebirgsmolkerei 2014<\/p><\/div><div id=\"attachment_783\" style=\"width: 1034px\" class=\"wp-caption alignnone\"><a href=\"https:\/\/www.boberroehrsdorf.de\/wp-content\/uploads\/IMG_4470.jpg\"><img loading=\"lazy\" decoding=\"async\" aria-describedby=\"caption-attachment-783\" class=\"wp-image-783 size-large\" src=\"https:\/\/www.boberroehrsdorf.de\/wp-content\/uploads\/IMG_4470-1024x683.jpg\" alt=\"\" width=\"1024\" height=\"683\" srcset=\"https:\/\/www.boberroehrsdorf.de\/wp-content\/uploads\/IMG_4470-1024x683.jpg 1024w, https:\/\/www.boberroehrsdorf.de\/wp-content\/uploads\/IMG_4470-300x200.jpg 300w, https:\/\/www.boberroehrsdorf.de\/wp-content\/uploads\/IMG_4470-768x512.jpg 768w, https:\/\/www.boberroehrsdorf.de\/wp-content\/uploads\/IMG_4470-800x533.jpg 800w\" sizes=\"(max-width: 1024px) 100vw, 1024px\" \/><\/a><p id=\"caption-attachment-783\" class=\"wp-caption-text\">Riesengebirgsmolkerei 2017<\/p><\/div><div id=\"attachment_119\" style=\"width: 1034px\" class=\"wp-caption alignnone\"><a href=\"https:\/\/www.boberroehrsdorf.de\/wp-content\/uploads\/Molkereilaster.jpg\"><img loading=\"lazy\" decoding=\"async\" aria-describedby=\"caption-attachment-119\" class=\"wp-image-119 size-large\" src=\"https:\/\/www.boberroehrsdorf.de\/wp-content\/uploads\/Molkereilaster-1024x705.jpg\" alt=\"\" width=\"1024\" height=\"705\" srcset=\"https:\/\/www.boberroehrsdorf.de\/wp-content\/uploads\/Molkereilaster-1024x705.jpg 1024w, https:\/\/www.boberroehrsdorf.de\/wp-content\/uploads\/Molkereilaster-300x206.jpg 300w\" sizes=\"(max-width: 1024px) 100vw, 1024px\" \/><\/a><p id=\"caption-attachment-119\" class=\"wp-caption-text\">LKW der Molkerei, Rechts mein Gro\u00dfvater Ernst Bl\u00fcmel<\/p><\/div><div id=\"attachment_1090\" style=\"width: 884px\" class=\"wp-caption alignnone\"><a href=\"https:\/\/www.boberroehrsdorf.de\/wp-content\/uploads\/IMG_20180422_0014.jpg\"><img loading=\"lazy\" decoding=\"async\" aria-describedby=\"caption-attachment-1090\" class=\"wp-image-1090 size-full\" src=\"https:\/\/www.boberroehrsdorf.de\/wp-content\/uploads\/IMG_20180422_0014.jpg\" alt=\"\" width=\"874\" height=\"590\" srcset=\"https:\/\/www.boberroehrsdorf.de\/wp-content\/uploads\/IMG_20180422_0014.jpg 874w, https:\/\/www.boberroehrsdorf.de\/wp-content\/uploads\/IMG_20180422_0014-300x203.jpg 300w, https:\/\/www.boberroehrsdorf.de\/wp-content\/uploads\/IMG_20180422_0014-768x518.jpg 768w, https:\/\/www.boberroehrsdorf.de\/wp-content\/uploads\/IMG_20180422_0014-800x540.jpg 800w\" sizes=\"(max-width: 874px) 100vw, 874px\" \/><\/a><p id=\"caption-attachment-1090\" class=\"wp-caption-text\">Foto v. Gerhardt Dittrich<\/p><\/div>\t\t\t\t\t\t<\/div>\n\t\t\t\t<\/div>\n\t\t\t\t\t<\/div>\n\t\t<\/div>\n\t\t\t\t\t\t\t<\/div>\n\t\t<\/section>\n\t\t\t\t\t\t\t<\/div>\n\t\t","protected":false},"excerpt":{"rendered":"<p>Meine Gro\u00dfmutter Alma Bl\u00fcmel (2.v.l.) beim Weiden der K\u00fche Die gr\u00f6\u00dfte Molkerei des Riesengebirgsbereiches Boberr\u00f6hrsdorf bei Hirschberg, von P.K. (1954) Das gro\u00dfe Dorf Boberr\u00f6hrsdorf im Kreis Hirschberg war bekannt durch seine Bobertalsperre, die der gro\u00dfen Sperre von Mauer zugeschaltet war, ferner durch die romantische Sattlerschlucht mit der Turmsteinbaude und durch das sehr alte Turmschlo\u00df, das weit und breit nicht seines<\/p>\n<p><a class=\"more-link\" href=\"https:\/\/www.boberroehrsdorf.de\/?page_id=689\">Weiterlesen<\/a><\/p>\n","protected":false},"author":2,"featured_media":0,"parent":0,"menu_order":0,"comment_status":"closed","ping_status":"closed","template":"","meta":{"footnotes":""},"class_list":["post-689","page","type-page","status-publish","hentry"],"_links":{"self":[{"href":"https:\/\/www.boberroehrsdorf.de\/index.php?rest_route=\/wp\/v2\/pages\/689","targetHints":{"allow":["GET"]}}],"collection":[{"href":"https:\/\/www.boberroehrsdorf.de\/index.php?rest_route=\/wp\/v2\/pages"}],"about":[{"href":"https:\/\/www.boberroehrsdorf.de\/index.php?rest_route=\/wp\/v2\/types\/page"}],"author":[{"embeddable":true,"href":"https:\/\/www.boberroehrsdorf.de\/index.php?rest_route=\/wp\/v2\/users\/2"}],"replies":[{"embeddable":true,"href":"https:\/\/www.boberroehrsdorf.de\/index.php?rest_route=%2Fwp%2Fv2%2Fcomments&post=689"}],"version-history":[{"count":15,"href":"https:\/\/www.boberroehrsdorf.de\/index.php?rest_route=\/wp\/v2\/pages\/689\/revisions"}],"predecessor-version":[{"id":1322,"href":"https:\/\/www.boberroehrsdorf.de\/index.php?rest_route=\/wp\/v2\/pages\/689\/revisions\/1322"}],"wp:attachment":[{"href":"https:\/\/www.boberroehrsdorf.de\/index.php?rest_route=%2Fwp%2Fv2%2Fmedia&parent=689"}],"curies":[{"name":"wp","href":"https:\/\/api.w.org\/{rel}","templated":true}]}}