{"id":663,"date":"2017-07-13T20:46:45","date_gmt":"2017-07-13T18:46:45","guid":{"rendered":"https:\/\/www.boberroehrsdorf.de\/?page_id=663"},"modified":"2019-01-06T22:00:38","modified_gmt":"2019-01-06T20:00:38","slug":"die-evangelische-kirche","status":"publish","type":"page","link":"https:\/\/www.boberroehrsdorf.de\/?page_id=663","title":{"rendered":"Evangelische Bethaus Kirche und Ehrenmal des 1. Weltkrieges"},"content":{"rendered":"<p>&nbsp;<\/p>\n<div id=\"attachment_1021\" style=\"width: 1034px\" class=\"wp-caption alignnone\"><a href=\"https:\/\/www.boberroehrsdorf.de\/wp-content\/uploads\/Boberr\u00f6hrsdorf-2010-1.jpg\"><img fetchpriority=\"high\" decoding=\"async\" aria-describedby=\"caption-attachment-1021\" class=\"wp-image-1021 size-large\" src=\"https:\/\/www.boberroehrsdorf.de\/wp-content\/uploads\/Boberr\u00f6hrsdorf-2010-1-1024x576.jpg\" alt=\"\" width=\"1024\" height=\"576\" srcset=\"https:\/\/www.boberroehrsdorf.de\/wp-content\/uploads\/Boberr\u00f6hrsdorf-2010-1-1024x576.jpg 1024w, https:\/\/www.boberroehrsdorf.de\/wp-content\/uploads\/Boberr\u00f6hrsdorf-2010-1-300x169.jpg 300w, https:\/\/www.boberroehrsdorf.de\/wp-content\/uploads\/Boberr\u00f6hrsdorf-2010-1-768x432.jpg 768w, https:\/\/www.boberroehrsdorf.de\/wp-content\/uploads\/Boberr\u00f6hrsdorf-2010-1-800x450.jpg 800w\" sizes=\"(max-width: 1024px) 100vw, 1024px\" \/><\/a><p id=\"caption-attachment-1021\" class=\"wp-caption-text\">2010 Die Evangelische Bethauskirche. Sie wird von den polnischen Einwohnern heute als katholische Kirche genutzt<\/p><\/div>\n<p>&nbsp;<\/p>\n<p><strong>Drei Glocken f\u00fcr die evangelische Kirche in Boberr\u00f6hrsdorf<\/strong><\/p>\n<p>1927 am 07. November: Die f\u00fcr die Evangelische Kirche bestellten drei Glocken werden in Breslau im Beisein von mehreren Gemeindemitgliedern gegossen.<\/p>\n<p>1927 am 26. Dezember: Einholung und Weihe der neuen Glocken. Von s\u00e4mtlichen Vereinen des Ortes begleitet wurden die drei Glocken vom Bahnhof Boberr\u00f6hrsdorf in einem sch\u00f6nen Festzuge nach der Kirche gebracht, wo in einem Festgottesdienste die Weihe vollzogen wurde.<\/p>\n<p>Die gro\u00dfe F-Glocke, welche 23 Zentner schwer ist und die Inschrift tr\u00e4gt \u201eHerr segne uns der Br\u00fcder Opfertod, f\u00fchr uns durch Nacht zu neuem Morgenrot, mach selig uns nach aller Erdennot\u201c, wurde von dem Ortsgeistlichen, Pastor Wagner, geweiht.<\/p>\n<p>Die zweite AS-Glocke, welche 12 Zentner schwer ist und die Inschrift tr\u00e4gt \u201eEin feste Burg ist unser Gott\u201c, weihte Superintendent Lic. Marko-Hirschberg, und die dritte CES-Glocke, zirka 6 Zentner, mit der Inschrift \u201eVon der Jugend bist du gestiftet, der Jugend aller Zeiten sollst du k\u00fcnden, 1.Tim. 1, 19: Habe Glauben und ein gutes Gewissen\u201c, hatte die Jugend gestiftet und wurde geweiht von Pastor Dr. Joachim Bunzel aus Kunzendorf am kahlen Berge.<\/p>\n<div id=\"attachment_346\" style=\"width: 623px\" class=\"wp-caption alignnone\"><a href=\"https:\/\/www.boberroehrsdorf.de\/wp-content\/uploads\/F-Glocke-23-Zentner.jpg\"><img decoding=\"async\" aria-describedby=\"caption-attachment-346\" class=\"wp-image-346\" src=\"https:\/\/www.boberroehrsdorf.de\/wp-content\/uploads\/F-Glocke-23-Zentner-300x196.jpg\" alt=\"\" width=\"613\" height=\"401\" srcset=\"https:\/\/www.boberroehrsdorf.de\/wp-content\/uploads\/F-Glocke-23-Zentner-300x196.jpg 300w, https:\/\/www.boberroehrsdorf.de\/wp-content\/uploads\/F-Glocke-23-Zentner-1024x669.jpg 1024w\" sizes=\"(max-width: 613px) 100vw, 613px\" \/><\/a><p id=\"caption-attachment-346\" class=\"wp-caption-text\">(Foto von Gerhardt Dittrich)<\/p><\/div>\n<p>Damit war ein 186 Jahre alter Wunsch der Kirchgemeinde, ein eigenes Glockengel\u00e4ut zu besitzen, in Erf\u00fcllung gegangen, nachdem seit 1742 das Gel\u00e4ut der katholischen Kirche (St. Nikolaus) mitbenutzt worden war.<\/p>\n<p>1928 am 02.Februar: Aufzug der neuen Glocken. Die Winde war am Denkmalsplatz aufgestellt und mit 100 Zentnern Steinen belastet worden. Zuerst wurde die mittelste Glocke hinaufgezogen und zwar innerhalb von 10 Minuten, ihr folgte innerhalb von 5 Minuten die kleinste und zuletzt die gro\u00dfe, 23 Zentner schwere, welche, obwohl anfangs das Seil ri\u00df, in 20 Minuten ihren Bestimmungsort erreichte.<\/p>\n<div id=\"attachment_666\" style=\"width: 644px\" class=\"wp-caption alignnone\"><a href=\"https:\/\/www.boberroehrsdorf.de\/wp-content\/uploads\/Ev.-Kirche-1.jpg\"><img decoding=\"async\" aria-describedby=\"caption-attachment-666\" class=\"wp-image-666 size-full\" src=\"https:\/\/www.boberroehrsdorf.de\/wp-content\/uploads\/Ev.-Kirche-1.jpg\" alt=\"\" width=\"634\" height=\"357\" srcset=\"https:\/\/www.boberroehrsdorf.de\/wp-content\/uploads\/Ev.-Kirche-1.jpg 634w, https:\/\/www.boberroehrsdorf.de\/wp-content\/uploads\/Ev.-Kirche-1-300x169.jpg 300w\" sizes=\"(max-width: 634px) 100vw, 634px\" \/><\/a><p id=\"caption-attachment-666\" class=\"wp-caption-text\">Foto von 2012. Die Kirche wird von der heute polnischen Bev\u00f6lkerung als katholische Kirche genutzt.<\/p><\/div>\n<p>Am 05. Februar, am Sonntagmorgen, l\u00e4uten zum ersten Male die drei neuen Glocken, nachdem am 26. Februar 1654 zum letzten Male in Boberr\u00f6hrsdorf evangelische Glocken gel\u00e4utet hatten.<\/p>\n<p>Text, teils sinngem\u00e4\u00df, entnommen:\u00a0\u00a0\u201eAus dem Leben der Kirchgemeinde Boberr\u00f6hrsdorf in den Jahren 1742 bis 1932\u201c von E. Br\u00e4uer<\/p>\n<div id=\"attachment_1271\" style=\"width: 560px\" class=\"wp-caption alignnone\"><a href=\"https:\/\/www.boberroehrsdorf.de\/wp-content\/uploads\/Evangelische-Kirche-Boberr\u00f6hrsdorf-2018.jpg\"><img loading=\"lazy\" decoding=\"async\" aria-describedby=\"caption-attachment-1271\" class=\"wp-image-1271\" src=\"https:\/\/www.boberroehrsdorf.de\/wp-content\/uploads\/Evangelische-Kirche-Boberr\u00f6hrsdorf-2018-300x260.jpg\" alt=\"\" width=\"550\" height=\"476\" srcset=\"https:\/\/www.boberroehrsdorf.de\/wp-content\/uploads\/Evangelische-Kirche-Boberr\u00f6hrsdorf-2018-300x260.jpg 300w, https:\/\/www.boberroehrsdorf.de\/wp-content\/uploads\/Evangelische-Kirche-Boberr\u00f6hrsdorf-2018-768x664.jpg 768w, https:\/\/www.boberroehrsdorf.de\/wp-content\/uploads\/Evangelische-Kirche-Boberr\u00f6hrsdorf-2018-1024x886.jpg 1024w, https:\/\/www.boberroehrsdorf.de\/wp-content\/uploads\/Evangelische-Kirche-Boberr\u00f6hrsdorf-2018-800x692.jpg 800w, https:\/\/www.boberroehrsdorf.de\/wp-content\/uploads\/Evangelische-Kirche-Boberr\u00f6hrsdorf-2018.jpg 1697w\" sizes=\"(max-width: 550px) 100vw, 550px\" \/><\/a><p id=\"caption-attachment-1271\" class=\"wp-caption-text\">2018 Evang. Bethauskirche zu Boberr\u00f6hrsdorf; Heute katholische Nutzung.<\/p><\/div>\n<div id=\"attachment_1270\" style=\"width: 560px\" class=\"wp-caption alignnone\"><a href=\"https:\/\/www.boberroehrsdorf.de\/wp-content\/uploads\/Menzel-Evang.-Kirche-.jpg\"><img loading=\"lazy\" decoding=\"async\" aria-describedby=\"caption-attachment-1270\" class=\"wp-image-1270\" src=\"https:\/\/www.boberroehrsdorf.de\/wp-content\/uploads\/Menzel-Evang.-Kirche--300x201.jpg\" alt=\"\" width=\"550\" height=\"369\" srcset=\"https:\/\/www.boberroehrsdorf.de\/wp-content\/uploads\/Menzel-Evang.-Kirche--300x201.jpg 300w, https:\/\/www.boberroehrsdorf.de\/wp-content\/uploads\/Menzel-Evang.-Kirche--768x515.jpg 768w, https:\/\/www.boberroehrsdorf.de\/wp-content\/uploads\/Menzel-Evang.-Kirche--1024x687.jpg 1024w, https:\/\/www.boberroehrsdorf.de\/wp-content\/uploads\/Menzel-Evang.-Kirche--800x537.jpg 800w, https:\/\/www.boberroehrsdorf.de\/wp-content\/uploads\/Menzel-Evang.-Kirche-.jpg 1228w\" sizes=\"(max-width: 550px) 100vw, 550px\" \/><\/a><p id=\"caption-attachment-1270\" class=\"wp-caption-text\">Evang. Bethauskirche zu deutscher Zeit; Eingesandt von Horst Menzel<\/p><\/div>\n<div id=\"attachment_869\" style=\"width: 510px\" class=\"wp-caption alignnone\"><a href=\"https:\/\/www.boberroehrsdorf.de\/wp-content\/uploads\/IMG_7075.jpg\"><img loading=\"lazy\" decoding=\"async\" aria-describedby=\"caption-attachment-869\" class=\"wp-image-869\" src=\"https:\/\/www.boberroehrsdorf.de\/wp-content\/uploads\/IMG_7075-683x1024.jpg\" alt=\"\" width=\"500\" height=\"750\" srcset=\"https:\/\/www.boberroehrsdorf.de\/wp-content\/uploads\/IMG_7075-683x1024.jpg 683w, https:\/\/www.boberroehrsdorf.de\/wp-content\/uploads\/IMG_7075-200x300.jpg 200w, https:\/\/www.boberroehrsdorf.de\/wp-content\/uploads\/IMG_7075-768x1152.jpg 768w, https:\/\/www.boberroehrsdorf.de\/wp-content\/uploads\/IMG_7075-800x1200.jpg 800w, https:\/\/www.boberroehrsdorf.de\/wp-content\/uploads\/IMG_7075.jpg 1383w\" sizes=\"(max-width: 500px) 100vw, 500px\" \/><\/a><p id=\"caption-attachment-869\" class=\"wp-caption-text\">Altarraum vor 1945 (Bild von einem polnischen Bewohner erhalten)<\/p><\/div>\n<div id=\"attachment_848\" style=\"width: 760px\" class=\"wp-caption alignnone\"><a href=\"https:\/\/www.boberroehrsdorf.de\/wp-content\/uploads\/Ev.-Kirche-mit-Heldendenkmal.jpg\"><img loading=\"lazy\" decoding=\"async\" aria-describedby=\"caption-attachment-848\" class=\"wp-image-848\" src=\"https:\/\/www.boberroehrsdorf.de\/wp-content\/uploads\/Ev.-Kirche-mit-Heldendenkmal-1024x661.jpg\" alt=\"\" width=\"750\" height=\"484\" srcset=\"https:\/\/www.boberroehrsdorf.de\/wp-content\/uploads\/Ev.-Kirche-mit-Heldendenkmal-1024x661.jpg 1024w, https:\/\/www.boberroehrsdorf.de\/wp-content\/uploads\/Ev.-Kirche-mit-Heldendenkmal-300x194.jpg 300w, https:\/\/www.boberroehrsdorf.de\/wp-content\/uploads\/Ev.-Kirche-mit-Heldendenkmal-768x495.jpg 768w, https:\/\/www.boberroehrsdorf.de\/wp-content\/uploads\/Ev.-Kirche-mit-Heldendenkmal-800x516.jpg 800w, https:\/\/www.boberroehrsdorf.de\/wp-content\/uploads\/Ev.-Kirche-mit-Heldendenkmal.jpg 1550w\" sizes=\"(max-width: 750px) 100vw, 750px\" \/><\/a><p id=\"caption-attachment-848\" class=\"wp-caption-text\">(Bild von einem polnischen Bewohner erhalten)<\/p><\/div>\n<div id=\"attachment_603\" style=\"width: 660px\" class=\"wp-caption alignnone\"><a href=\"https:\/\/www.boberroehrsdorf.de\/wp-content\/uploads\/Boberr\u00f6hrsdorf-117-II.jpg\"><img loading=\"lazy\" decoding=\"async\" aria-describedby=\"caption-attachment-603\" class=\"wp-image-603\" src=\"https:\/\/www.boberroehrsdorf.de\/wp-content\/uploads\/Boberr\u00f6hrsdorf-117-II-1024x683.jpg\" alt=\"\" width=\"650\" height=\"433\" srcset=\"https:\/\/www.boberroehrsdorf.de\/wp-content\/uploads\/Boberr\u00f6hrsdorf-117-II-1024x683.jpg 1024w, https:\/\/www.boberroehrsdorf.de\/wp-content\/uploads\/Boberr\u00f6hrsdorf-117-II-300x200.jpg 300w, https:\/\/www.boberroehrsdorf.de\/wp-content\/uploads\/Boberr\u00f6hrsdorf-117-II-768x512.jpg 768w, https:\/\/www.boberroehrsdorf.de\/wp-content\/uploads\/Boberr\u00f6hrsdorf-117-II-800x533.jpg 800w\" sizes=\"(max-width: 650px) 100vw, 650px\" \/><\/a><p id=\"caption-attachment-603\" class=\"wp-caption-text\">2017 Hier befand sich das Ehrenmal f\u00fcr die Gefallenen und Vermissten des 1. Weltkrieges<\/p><\/div>\n<div id=\"attachment_275\" style=\"width: 410px\" class=\"wp-caption alignnone\"><a href=\"https:\/\/www.boberroehrsdorf.de\/wp-content\/uploads\/Ehrenmal-Boberr\u00f6hrsdorf-f\u00fcr-homepage.jpg\"><img loading=\"lazy\" decoding=\"async\" aria-describedby=\"caption-attachment-275\" class=\"wp-image-275\" src=\"https:\/\/www.boberroehrsdorf.de\/wp-content\/uploads\/Ehrenmal-Boberr\u00f6hrsdorf-f\u00fcr-homepage-627x1024.jpg\" alt=\"\" width=\"400\" height=\"653\" srcset=\"https:\/\/www.boberroehrsdorf.de\/wp-content\/uploads\/Ehrenmal-Boberr\u00f6hrsdorf-f\u00fcr-homepage-627x1024.jpg 627w, https:\/\/www.boberroehrsdorf.de\/wp-content\/uploads\/Ehrenmal-Boberr\u00f6hrsdorf-f\u00fcr-homepage-183x300.jpg 183w, https:\/\/www.boberroehrsdorf.de\/wp-content\/uploads\/Ehrenmal-Boberr\u00f6hrsdorf-f\u00fcr-homepage.jpg 1798w\" sizes=\"(max-width: 400px) 100vw, 400px\" \/><\/a><p id=\"caption-attachment-275\" class=\"wp-caption-text\">Ehrenmal f\u00fcr die Gefallenen und Vermissten des 1. Weltkrieges. Geschleift nach 1946. (Bild von einem polnischen Einwohner erhalten. -Vergelt\u00b4s Gott!)<\/p><\/div>\n<div class=\"mceTemp\"><\/div>\n<div id=\"attachment_547\" style=\"width: 460px\" class=\"wp-caption alignnone\"><a href=\"https:\/\/www.boberroehrsdorf.de\/wp-content\/uploads\/Boberr\u00f6hrsdorf-3.jpg\"><img loading=\"lazy\" decoding=\"async\" aria-describedby=\"caption-attachment-547\" class=\"wp-image-547\" src=\"https:\/\/www.boberroehrsdorf.de\/wp-content\/uploads\/Boberr\u00f6hrsdorf-3-683x1024.jpg\" alt=\"\" width=\"450\" height=\"675\" srcset=\"https:\/\/www.boberroehrsdorf.de\/wp-content\/uploads\/Boberr\u00f6hrsdorf-3-683x1024.jpg 683w, https:\/\/www.boberroehrsdorf.de\/wp-content\/uploads\/Boberr\u00f6hrsdorf-3-200x300.jpg 200w, https:\/\/www.boberroehrsdorf.de\/wp-content\/uploads\/Boberr\u00f6hrsdorf-3-768x1152.jpg 768w, https:\/\/www.boberroehrsdorf.de\/wp-content\/uploads\/Boberr\u00f6hrsdorf-3.jpg 1383w\" sizes=\"(max-width: 450px) 100vw, 450px\" \/><\/a><p id=\"caption-attachment-547\" class=\"wp-caption-text\">Die 2016 bei Ausgrabungsarbeiten am Wohnturm gefundenen Fragmente des Ehrenmales f\u00fcr die Gefallenen \u00a0des 1. WK wurden w\u00fcrdevoll unter der alten Gerichtslinde, nahe des Wohnturmes, aufgestellt. Daf\u00fcr ist dem Grabungsleiter Dr. Nocun von der Jagiellonen Universit\u00e4t Krakau Dank zu zollen.<\/p><\/div>\n<div id=\"attachment_548\" style=\"width: 760px\" class=\"wp-caption alignnone\"><a href=\"https:\/\/www.boberroehrsdorf.de\/wp-content\/uploads\/Boberr\u00f6hrsdorf-9.jpg\"><img loading=\"lazy\" decoding=\"async\" aria-describedby=\"caption-attachment-548\" class=\"wp-image-548\" src=\"https:\/\/www.boberroehrsdorf.de\/wp-content\/uploads\/Boberr\u00f6hrsdorf-9-1024x683.jpg\" alt=\"\" width=\"750\" height=\"500\" srcset=\"https:\/\/www.boberroehrsdorf.de\/wp-content\/uploads\/Boberr\u00f6hrsdorf-9-1024x683.jpg 1024w, https:\/\/www.boberroehrsdorf.de\/wp-content\/uploads\/Boberr\u00f6hrsdorf-9-300x200.jpg 300w, https:\/\/www.boberroehrsdorf.de\/wp-content\/uploads\/Boberr\u00f6hrsdorf-9-768x512.jpg 768w\" sizes=\"(max-width: 750px) 100vw, 750px\" \/><\/a><p id=\"caption-attachment-548\" class=\"wp-caption-text\">Ein Fragment vom Ehrenmal des 1. Weltkrieges<\/p><\/div>\n<div class=\"mceTemp\"><\/div>\n<p>&nbsp;<\/p>\n","protected":false},"excerpt":{"rendered":"<p>&nbsp; &nbsp; Drei Glocken f\u00fcr die evangelische Kirche in Boberr\u00f6hrsdorf 1927 am 07. November: Die f\u00fcr die Evangelische Kirche bestellten drei Glocken werden in Breslau im Beisein von mehreren Gemeindemitgliedern gegossen. 1927 am 26. Dezember: Einholung und Weihe der neuen Glocken. Von s\u00e4mtlichen Vereinen des Ortes begleitet wurden die drei Glocken vom Bahnhof Boberr\u00f6hrsdorf in einem sch\u00f6nen Festzuge nach der<\/p>\n<p><a class=\"more-link\" href=\"https:\/\/www.boberroehrsdorf.de\/?page_id=663\">Weiterlesen<\/a><\/p>\n","protected":false},"author":2,"featured_media":675,"parent":0,"menu_order":0,"comment_status":"closed","ping_status":"closed","template":"","meta":{"footnotes":""},"class_list":["post-663","page","type-page","status-publish","has-post-thumbnail","hentry"],"_links":{"self":[{"href":"https:\/\/www.boberroehrsdorf.de\/index.php?rest_route=\/wp\/v2\/pages\/663","targetHints":{"allow":["GET"]}}],"collection":[{"href":"https:\/\/www.boberroehrsdorf.de\/index.php?rest_route=\/wp\/v2\/pages"}],"about":[{"href":"https:\/\/www.boberroehrsdorf.de\/index.php?rest_route=\/wp\/v2\/types\/page"}],"author":[{"embeddable":true,"href":"https:\/\/www.boberroehrsdorf.de\/index.php?rest_route=\/wp\/v2\/users\/2"}],"replies":[{"embeddable":true,"href":"https:\/\/www.boberroehrsdorf.de\/index.php?rest_route=%2Fwp%2Fv2%2Fcomments&post=663"}],"version-history":[{"count":25,"href":"https:\/\/www.boberroehrsdorf.de\/index.php?rest_route=\/wp\/v2\/pages\/663\/revisions"}],"predecessor-version":[{"id":1275,"href":"https:\/\/www.boberroehrsdorf.de\/index.php?rest_route=\/wp\/v2\/pages\/663\/revisions\/1275"}],"wp:featuredmedia":[{"embeddable":true,"href":"https:\/\/www.boberroehrsdorf.de\/index.php?rest_route=\/wp\/v2\/media\/675"}],"wp:attachment":[{"href":"https:\/\/www.boberroehrsdorf.de\/index.php?rest_route=%2Fwp%2Fv2%2Fmedia&parent=663"}],"curies":[{"name":"wp","href":"https:\/\/api.w.org\/{rel}","templated":true}]}}