{"id":581,"date":"2016-09-17T15:42:12","date_gmt":"2016-09-17T13:42:12","guid":{"rendered":"https:\/\/www.boberroehrsdorf.de\/?page_id=581"},"modified":"2018-08-17T19:16:51","modified_gmt":"2018-08-17T17:16:51","slug":"boberroehrsdorf-der-ort","status":"publish","type":"page","link":"https:\/\/www.boberroehrsdorf.de\/?page_id=581","title":{"rendered":"Boberr\u00f6hrsdorf, Lage- und Ortsbeschreibung"},"content":{"rendered":"<h3>Blick vom Boberr\u00f6hrsdorfer &#8222;B\u00fcchelberg&#8220; auf das Riesengebirge<br \/>\nAuf der rechten Seite ist von Boberr\u00f6hrsdorf &#8222;Die Siedlung&#8220; zu sehen<\/h3>\n<p>&nbsp;<\/p>\n<h1 style=\"text-align: center;\"><strong>Boberr\u00f6hrsdorf, Kreis Hirschberg<\/strong><\/h1>\n<p style=\"text-align: center;\"><strong>Lage in Europa<\/strong><\/p>\n<p><img fetchpriority=\"high\" decoding=\"async\" class=\"alignnone wp-image-734 size-large\" src=\"https:\/\/www.boberroehrsdorf.de\/wp-content\/uploads\/Lage-von-Boberr\u00f6hrsdorf-in-Europa-1024x772.jpg\" alt=\"\" width=\"1024\" height=\"772\" srcset=\"https:\/\/www.boberroehrsdorf.de\/wp-content\/uploads\/Lage-von-Boberr\u00f6hrsdorf-in-Europa-1024x772.jpg 1024w, https:\/\/www.boberroehrsdorf.de\/wp-content\/uploads\/Lage-von-Boberr\u00f6hrsdorf-in-Europa-300x226.jpg 300w, https:\/\/www.boberroehrsdorf.de\/wp-content\/uploads\/Lage-von-Boberr\u00f6hrsdorf-in-Europa-768x579.jpg 768w, https:\/\/www.boberroehrsdorf.de\/wp-content\/uploads\/Lage-von-Boberr\u00f6hrsdorf-in-Europa-800x603.jpg 800w, https:\/\/www.boberroehrsdorf.de\/wp-content\/uploads\/Lage-von-Boberr\u00f6hrsdorf-in-Europa.jpg 2000w\" sizes=\"(max-width: 1024px) 100vw, 1024px\" \/><\/p>\n<p>Quelle: Wikipedia<\/p>\n<p>&nbsp;<\/p>\n<p>&nbsp;<\/p>\n<p style=\"text-align: center;\"><strong>Der Ort<\/strong><\/p>\n<p style=\"text-align: justify;\"><strong>Boberr\u00f6hrsdorf <\/strong>(Siedlecin, Kreis Hirschberg). Das im tief eingeschnittenen Tal des Bober 6 km nordwestlich Hirschberg gelegene Dorf Boberr\u00f6hrsdorf, Anfang des 14. Jh. als Rudgersdorf erstmals belegt, besitzt mit dem aus dem fr\u00fchen 14. Jh. stammenden, im 15. Jh. um ein viertes Gescho\u00df erh\u00f6hten <strong><em>Wohnturm<\/em><\/strong> eines der bedeutendsten Baudenkm\u00e4ler Schlesiens. Der zum Gutshof von Boberr\u00f6hrsdorf \u2013 von 1732 bis 1945 im Besitz der Familie Schaffgotsch \u2013 geh\u00f6rige Turm, 19 m hoch auf einer Grundfl\u00e4che von 14 x 21 m, ein Beispiel eines weit nach dem Osten reichenden Typus fr\u00e4nkischer Wohnt\u00fcrme, wie er in der Schweiz und am Oberrhein vorkommt, ist der Rest einer einst von einem Wassergraben umgebenen, 1443 zerst\u00f6rten Talburg, deren turmartiges, mehrgeschossiges, mit einem Wehrgang versehenes Hauptwerk im dritten Gescho\u00df einen Rittersaal mit tiefen Fensternischen und m\u00e4chtiger Holzbalkendecke enth\u00e4lt. Die in diesem Saal freigelegten Wandmalereien stellen das einzige und bedeutende Beispiel profaner Wandmalerei des 3.\/4. Jahrzehnts des 14. Jh. in Schlesien dar. Eine Christophorusfigur beherrscht die Mitte der Darstellung, die linksseitig eine Memento-mori-Szene in zwei Streifen von Liebespaaren und Toten in Gr\u00e4bern zeigt, rechtsseitig Episoden aus einem unbekannten Ritterroman. Eine denkmalpflegerische Instandsetzung erfolgte 1936-38.<\/p>\n<p style=\"text-align: justify;\">\u00a0\u2013 \u00a0Einer wesentlich sp\u00e4teren Zeit geh\u00f6rt die kath. Kirche <strong><em>St. Nikolai<\/em> <\/strong>an. Sie ist ein sp\u00e4tgotisches Bauwerk aus der Mitte des 16. Jh., das im 18. Jh. umgestaltet und mit einer Rokokoausstattung der alten Holzdecke versehen wurde. Au\u00dferdem steht an erh\u00f6hter Stelle im Dorf die 1780-82 erbaute <strong><em>Bethauskirche<\/em><\/strong>, die als Massivbau anstelle des ersten evg.\u00a0 Fachwerkbaues von 1742 nach einem Entwurf des Baukondukteurs Isemer durch die Maurermeister Demus und Essmert errichtet worden war. Kanzel, Altar und Orgel schufen Tischlermeister Kade aus Hirschberg in Verbindung mit dem bedeutenden Bildhauer Joseph Lachel aus Gr\u00fcssau. Die Staffierung des Ganzen stammt von 1842. Text aus: Handbuch der Historischen St\u00e4tten Schlesien, Kr\u00f6ner 2003.<\/p>\n<p>Mit freundlicher Genehmigung des Verlages <a href=\"http:\/\/www.kroener-verlag.de\">www.kroener-verlag.de<\/a><\/p>\n<p>&#8212;&#8212;&#8212;&#8212;&#8212;&#8212;&#8212;&#8212;&#8212;&#8212;&#8212;&#8212;&#8212;&#8212;&#8212;&#8212;&#8212;&#8212;&#8212;&#8212;&#8212;&#8212;&#8212;&#8212;&#8212;&#8212;&#8212;&#8212;&#8212;&#8212;&#8212;&#8212;&#8212;&#8212;&#8212;&#8212;&#8212;&#8212;&#8212;&#8212;&#8212;&#8212;&#8212;&#8212;&#8211;<\/p>\n<p>&nbsp;<\/p>\n<p><img decoding=\"async\" class=\"aligncenter wp-image-565\" src=\"https:\/\/www.boberroehrsdorf.de\/wp-content\/uploads\/cropped-Niederschlesien-III.jpg\" alt=\"\" width=\"400\" height=\"200\" \/><\/p>\n<p style=\"text-align: center;\">Flagge mit Wappen der preu\u00dfischen Provinz Niederschlesien<\/p>\n<p>&nbsp;<\/p>\n<p><img decoding=\"async\" class=\"wp-image-112 size-thumbnail aligncenter\" src=\"https:\/\/www.boberroehrsdorf.de\/wp-content\/uploads\/Wappen-von-Boberr\u00f6hrsdorf-150x150.jpg\" alt=\"Wappen Boberr\u00f6hrsdorf\" width=\"150\" height=\"150\" \/><\/p>\n<p style=\"text-align: center;\">Wappen der Gemeinde Boberr\u00f6hrsdorf, Kreis Hirschberg<\/p>\n<p>Dieser <strong>Ortsplan von Boberr\u00f6hrsdorf<\/strong> wurde meines Wissens von verschiedenen ehemaligen Einwohnern, nach 1945, \u00a0dem Ged\u00e4chtnis nach erstellt. \u00a0U.a. von Herrn Gerhardt Dittrich (\u2020).<\/p>\n<p>&#8212; Es existiert auch ein ein Ortsplan mit von Hand eingetragenen Hausnummern! Bei Interesse bitte erfragen.<\/p>\n<p>&nbsp;<\/p>\n<div id=\"attachment_516\" style=\"width: 512px\" class=\"wp-caption aligncenter\"><a href=\"https:\/\/www.boberroehrsdorf.de\/wp-content\/uploads\/Boberroehrsdorf_Ortsplan-f\u00fcr-Homepage.jpg\"><img loading=\"lazy\" decoding=\"async\" aria-describedby=\"caption-attachment-516\" class=\"wp-image-516 size-large\" src=\"https:\/\/www.boberroehrsdorf.de\/wp-content\/uploads\/Boberroehrsdorf_Ortsplan-f\u00fcr-Homepage-502x1024.jpg\" alt=\"Ortsplan Boberr\u00f6hrsdorf mit Namen der deutschen Einwohner bis zur Vertreibung \" width=\"502\" height=\"1024\" srcset=\"https:\/\/www.boberroehrsdorf.de\/wp-content\/uploads\/Boberroehrsdorf_Ortsplan-f\u00fcr-Homepage-502x1024.jpg 502w, https:\/\/www.boberroehrsdorf.de\/wp-content\/uploads\/Boberroehrsdorf_Ortsplan-f\u00fcr-Homepage-147x300.jpg 147w, https:\/\/www.boberroehrsdorf.de\/wp-content\/uploads\/Boberroehrsdorf_Ortsplan-f\u00fcr-Homepage-768x1568.jpg 768w, https:\/\/www.boberroehrsdorf.de\/wp-content\/uploads\/Boberroehrsdorf_Ortsplan-f\u00fcr-Homepage.jpg 1170w\" sizes=\"(max-width: 502px) 100vw, 502px\" \/><\/a><p id=\"caption-attachment-516\" class=\"wp-caption-text\">Ortsplan Boberr\u00f6hrsdorf mit Namen der deutschen Einwohner bis zum Zeitpunkt der Vertreibung<\/p><\/div>\n<div id=\"attachment_706\" style=\"width: 1034px\" class=\"wp-caption alignnone\"><a href=\"https:\/\/www.boberroehrsdorf.de\/wp-content\/uploads\/IMG_4427-B\u00fcchelberg.jpg\"><img loading=\"lazy\" decoding=\"async\" aria-describedby=\"caption-attachment-706\" class=\"wp-image-706 size-large\" src=\"https:\/\/www.boberroehrsdorf.de\/wp-content\/uploads\/IMG_4427-B\u00fcchelberg-1024x683.jpg\" alt=\"\" width=\"1024\" height=\"683\" srcset=\"https:\/\/www.boberroehrsdorf.de\/wp-content\/uploads\/IMG_4427-B\u00fcchelberg-1024x683.jpg 1024w, https:\/\/www.boberroehrsdorf.de\/wp-content\/uploads\/IMG_4427-B\u00fcchelberg-300x200.jpg 300w, https:\/\/www.boberroehrsdorf.de\/wp-content\/uploads\/IMG_4427-B\u00fcchelberg-768x512.jpg 768w, https:\/\/www.boberroehrsdorf.de\/wp-content\/uploads\/IMG_4427-B\u00fcchelberg-800x533.jpg 800w\" sizes=\"(max-width: 1024px) 100vw, 1024px\" \/><\/a><p id=\"caption-attachment-706\" class=\"wp-caption-text\">Blick vom Boberr\u00f6hrsdorfer P\u00fcchelberg auf das Riesengebirge, mit Schneekoppe<\/p><\/div>\n<p>Beim Fotografieren dieser abendlichen Sommerlandschaft kamen mir unwillk\u00fcrlich die Verse des schlesischen Lyrikers Eichendorff in den Sinn:<\/p>\n<p style=\"text-align: center;\"><span style=\"color: #d67d00;\"><strong>Mondnacht<\/strong><\/span><\/p>\n<p style=\"text-align: center;\"><span style=\"color: #d67d00;\"><strong>Es war, als h\u00e4tt&#8216; der Himmel<\/strong><\/span><br \/>\n<span style=\"color: #d67d00;\"> <strong> die Erde still gek\u00fcsst,<\/strong><\/span><br \/>\n<span style=\"color: #d67d00;\"> <strong> dass sie im Bl\u00fctenschimmer<\/strong><\/span><br \/>\n<span style=\"color: #d67d00;\"> <strong> von ihm nun tr\u00e4umen m\u00fcsst&#8216;.<\/strong><\/span><\/p>\n<p style=\"text-align: center;\"><span style=\"color: #d67d00;\"><strong> Die Luft ging durch die Felder,<\/strong><\/span><br \/>\n<span style=\"color: #d67d00;\"> <strong> die \u00c4hren wogten sacht,<\/strong><\/span><br \/>\n<span style=\"color: #d67d00;\"> <strong> es rauschten leis&#8216; die W\u00e4lder,<\/strong><\/span><br \/>\n<span style=\"color: #d67d00;\"> <strong> so sternklar war die Nacht.<\/strong><\/span><\/p>\n<p style=\"text-align: center;\"><span style=\"color: #d67d00;\"><strong> Und meine Seele spannte<\/strong><\/span><br \/>\n<span style=\"color: #d67d00;\"> <strong> weit ihre Fl\u00fcgel aus,<\/strong><\/span><br \/>\n<span style=\"color: #d67d00;\"> <strong> flog durch die stillen Lande,<\/strong><\/span><br \/>\n<span style=\"color: #d67d00;\"> <strong> als fl\u00f6ge sie nach Haus.<\/strong><\/span><\/p>\n<p style=\"text-align: center;\"><span style=\"color: #d67d00;\"><strong>Joseph Freiherr von Eichendorff<\/strong><\/span><\/p>\n<p>&nbsp;<\/p>\n<p>&nbsp;<\/p>\n<p>&nbsp;<\/p>\n<h1 style=\"text-align: center;\">Der Bober in Boberr\u00f6hrsdorf<\/h1>\n<p>&nbsp;<\/p>\n<div id=\"attachment_371\" style=\"width: 1034px\" class=\"wp-caption alignnone\"><a href=\"https:\/\/www.boberroehrsdorf.de\/wp-content\/uploads\/P1130984.jpg\"><img loading=\"lazy\" decoding=\"async\" aria-describedby=\"caption-attachment-371\" class=\"wp-image-371 size-large\" src=\"https:\/\/www.boberroehrsdorf.de\/wp-content\/uploads\/P1130984-1024x576.jpg\" alt=\"\" width=\"1024\" height=\"576\" srcset=\"https:\/\/www.boberroehrsdorf.de\/wp-content\/uploads\/P1130984-1024x576.jpg 1024w, https:\/\/www.boberroehrsdorf.de\/wp-content\/uploads\/P1130984-300x169.jpg 300w\" sizes=\"(max-width: 1024px) 100vw, 1024px\" \/><\/a><p id=\"caption-attachment-371\" class=\"wp-caption-text\">Blick vom Wohnturm auf Boberbogen, Richtung Schwesternheim<\/p><\/div>\n<p>&nbsp;<\/p>\n<div id=\"attachment_71\" style=\"width: 1034px\" class=\"wp-caption alignnone\"><a href=\"https:\/\/www.boberroehrsdorf.de\/wp-content\/uploads\/P1130689.jpg\"><img loading=\"lazy\" decoding=\"async\" aria-describedby=\"caption-attachment-71\" class=\"wp-image-71 size-large\" src=\"https:\/\/www.boberroehrsdorf.de\/wp-content\/uploads\/P1130689-1024x576.jpg\" alt=\"\" width=\"1024\" height=\"576\" srcset=\"https:\/\/www.boberroehrsdorf.de\/wp-content\/uploads\/P1130689-1024x576.jpg 1024w, https:\/\/www.boberroehrsdorf.de\/wp-content\/uploads\/P1130689-300x168.jpg 300w\" sizes=\"(max-width: 1024px) 100vw, 1024px\" \/><\/a><p id=\"caption-attachment-71\" class=\"wp-caption-text\">Blick Boberabw\u00e4rts 2010<\/p><\/div>\n<p>&nbsp;<\/p>\n<div id=\"attachment_745\" style=\"width: 1034px\" class=\"wp-caption alignnone\"><a href=\"https:\/\/www.boberroehrsdorf.de\/wp-content\/uploads\/IMG_4053.jpg\"><img loading=\"lazy\" decoding=\"async\" aria-describedby=\"caption-attachment-745\" class=\"wp-image-745 size-large\" src=\"https:\/\/www.boberroehrsdorf.de\/wp-content\/uploads\/IMG_4053-1024x683.jpg\" alt=\"\" width=\"1024\" height=\"683\" srcset=\"https:\/\/www.boberroehrsdorf.de\/wp-content\/uploads\/IMG_4053-1024x683.jpg 1024w, https:\/\/www.boberroehrsdorf.de\/wp-content\/uploads\/IMG_4053-300x200.jpg 300w, https:\/\/www.boberroehrsdorf.de\/wp-content\/uploads\/IMG_4053-768x512.jpg 768w, https:\/\/www.boberroehrsdorf.de\/wp-content\/uploads\/IMG_4053-800x534.jpg 800w\" sizes=\"(max-width: 1024px) 100vw, 1024px\" \/><\/a><p id=\"caption-attachment-745\" class=\"wp-caption-text\">Blick Boberabw\u00e4rts 2017<\/p><\/div>\n<div id=\"attachment_743\" style=\"width: 1034px\" class=\"wp-caption alignleft\"><a href=\"https:\/\/www.boberroehrsdorf.de\/wp-content\/uploads\/IMG_4051.jpg\"><img loading=\"lazy\" decoding=\"async\" aria-describedby=\"caption-attachment-743\" class=\"wp-image-743 size-large\" src=\"https:\/\/www.boberroehrsdorf.de\/wp-content\/uploads\/IMG_4051-1024x683.jpg\" alt=\"\" width=\"1024\" height=\"683\" srcset=\"https:\/\/www.boberroehrsdorf.de\/wp-content\/uploads\/IMG_4051-1024x683.jpg 1024w, https:\/\/www.boberroehrsdorf.de\/wp-content\/uploads\/IMG_4051-300x200.jpg 300w, https:\/\/www.boberroehrsdorf.de\/wp-content\/uploads\/IMG_4051-768x512.jpg 768w, https:\/\/www.boberroehrsdorf.de\/wp-content\/uploads\/IMG_4051-800x533.jpg 800w\" sizes=\"(max-width: 1024px) 100vw, 1024px\" \/><\/a><p id=\"caption-attachment-743\" class=\"wp-caption-text\">Blick Boberabw\u00e4rts 2017<\/p><\/div>\n<p>&nbsp;<\/p>\n<div id=\"attachment_849\" style=\"width: 671px\" class=\"wp-caption alignnone\"><a href=\"https:\/\/www.boberroehrsdorf.de\/wp-content\/uploads\/Bober-Richtung-Schwesternheim-1991.jpg\"><img loading=\"lazy\" decoding=\"async\" aria-describedby=\"caption-attachment-849\" class=\"wp-image-849 size-large\" src=\"https:\/\/www.boberroehrsdorf.de\/wp-content\/uploads\/Bober-Richtung-Schwesternheim-1991-661x1024.jpg\" alt=\"\" width=\"661\" height=\"1024\" srcset=\"https:\/\/www.boberroehrsdorf.de\/wp-content\/uploads\/Bober-Richtung-Schwesternheim-1991-661x1024.jpg 661w, https:\/\/www.boberroehrsdorf.de\/wp-content\/uploads\/Bober-Richtung-Schwesternheim-1991-194x300.jpg 194w, https:\/\/www.boberroehrsdorf.de\/wp-content\/uploads\/Bober-Richtung-Schwesternheim-1991-768x1190.jpg 768w, https:\/\/www.boberroehrsdorf.de\/wp-content\/uploads\/Bober-Richtung-Schwesternheim-1991-800x1240.jpg 800w, https:\/\/www.boberroehrsdorf.de\/wp-content\/uploads\/Bober-Richtung-Schwesternheim-1991.jpg 1600w\" sizes=\"(max-width: 661px) 100vw, 661px\" \/><\/a><p id=\"caption-attachment-849\" class=\"wp-caption-text\">Blick Boberabw\u00e4rts, von der gleichen Stelle 1991<\/p><\/div>\n<p>&nbsp;<\/p>\n<div id=\"attachment_746\" style=\"width: 1034px\" class=\"wp-caption alignnone\"><a href=\"https:\/\/www.boberroehrsdorf.de\/wp-content\/uploads\/IMG_4062.jpg\"><img loading=\"lazy\" decoding=\"async\" aria-describedby=\"caption-attachment-746\" class=\"wp-image-746 size-large\" src=\"https:\/\/www.boberroehrsdorf.de\/wp-content\/uploads\/IMG_4062-1024x683.jpg\" alt=\"\" width=\"1024\" height=\"683\" srcset=\"https:\/\/www.boberroehrsdorf.de\/wp-content\/uploads\/IMG_4062-1024x683.jpg 1024w, https:\/\/www.boberroehrsdorf.de\/wp-content\/uploads\/IMG_4062-300x200.jpg 300w, https:\/\/www.boberroehrsdorf.de\/wp-content\/uploads\/IMG_4062-768x512.jpg 768w, https:\/\/www.boberroehrsdorf.de\/wp-content\/uploads\/IMG_4062-800x534.jpg 800w\" sizes=\"(max-width: 1024px) 100vw, 1024px\" \/><\/a><p id=\"caption-attachment-746\" class=\"wp-caption-text\">Boberbr\u00fccke 2017, links das Dominium, rechts Gastst\u00e4tte Wehner (Die Br\u00fccke wurde im Krieg teilweise gesprengt)<\/p><\/div>\n<p>&nbsp;<\/p>\n<div id=\"attachment_859\" style=\"width: 1034px\" class=\"wp-caption alignnone\"><a href=\"https:\/\/www.boberroehrsdorf.de\/wp-content\/uploads\/Von-der-Boberbr\u00fccke-Richtung-Turmsteinbaude-2010.jpg\"><img loading=\"lazy\" decoding=\"async\" aria-describedby=\"caption-attachment-859\" class=\"wp-image-859 size-large\" src=\"https:\/\/www.boberroehrsdorf.de\/wp-content\/uploads\/Von-der-Boberbr\u00fccke-Richtung-Turmsteinbaude-2010-1024x576.jpg\" alt=\"\" width=\"1024\" height=\"576\" srcset=\"https:\/\/www.boberroehrsdorf.de\/wp-content\/uploads\/Von-der-Boberbr\u00fccke-Richtung-Turmsteinbaude-2010-1024x576.jpg 1024w, https:\/\/www.boberroehrsdorf.de\/wp-content\/uploads\/Von-der-Boberbr\u00fccke-Richtung-Turmsteinbaude-2010-300x169.jpg 300w, https:\/\/www.boberroehrsdorf.de\/wp-content\/uploads\/Von-der-Boberbr\u00fccke-Richtung-Turmsteinbaude-2010-768x432.jpg 768w, https:\/\/www.boberroehrsdorf.de\/wp-content\/uploads\/Von-der-Boberbr\u00fccke-Richtung-Turmsteinbaude-2010-800x450.jpg 800w, https:\/\/www.boberroehrsdorf.de\/wp-content\/uploads\/Von-der-Boberbr\u00fccke-Richtung-Turmsteinbaude-2010.jpg 1972w\" sizes=\"(max-width: 1024px) 100vw, 1024px\" \/><\/a><p id=\"caption-attachment-859\" class=\"wp-caption-text\">Blick von der Boberbr\u00fccke Richtung Turmsteinbaude 2010<\/p><\/div>\n<div id=\"attachment_8\" style=\"width: 1034px\" class=\"wp-caption alignnone\"><a href=\"https:\/\/www.boberroehrsdorf.de\/wp-content\/uploads\/P11401031-e1474096343139.jpg\"><img loading=\"lazy\" decoding=\"async\" aria-describedby=\"caption-attachment-8\" class=\"wp-image-8 size-large\" src=\"https:\/\/www.boberroehrsdorf.de\/wp-content\/uploads\/P11401031-e1474096343139-1024x457.jpg\" alt=\"\" width=\"1024\" height=\"457\" srcset=\"https:\/\/www.boberroehrsdorf.de\/wp-content\/uploads\/P11401031-e1474096343139-1024x457.jpg 1024w, https:\/\/www.boberroehrsdorf.de\/wp-content\/uploads\/P11401031-e1474096343139-300x134.jpg 300w, https:\/\/www.boberroehrsdorf.de\/wp-content\/uploads\/P11401031-e1474096343139-800x357.jpg 800w, https:\/\/www.boberroehrsdorf.de\/wp-content\/uploads\/P11401031-e1474096343139-768x343.jpg 768w\" sizes=\"(max-width: 1024px) 100vw, 1024px\" \/><\/a><p id=\"caption-attachment-8\" class=\"wp-caption-text\">Der Bober Richtung Turmsteinbaude, bei Niedrigwasser. Bei Starkregen oder Schneeschmelze sind diese \u00fcbermannsgro\u00dfen Felsen nicht mehr zu sehen. Siehe ein Bild h\u00f6her auf der rechten Flu\u00dfseite!<\/p><\/div>\n<p><img loading=\"lazy\" decoding=\"async\" class=\"aligncenter wp-image-1154\" src=\"https:\/\/www.boberroehrsdorf.de\/wp-content\/uploads\/R\u00fcbezahl-4-236x300.jpg\" alt=\"\" width=\"350\" height=\"444\" srcset=\"https:\/\/www.boberroehrsdorf.de\/wp-content\/uploads\/R\u00fcbezahl-4-236x300.jpg 236w, https:\/\/www.boberroehrsdorf.de\/wp-content\/uploads\/R\u00fcbezahl-4-768x975.jpg 768w, https:\/\/www.boberroehrsdorf.de\/wp-content\/uploads\/R\u00fcbezahl-4-807x1024.jpg 807w, https:\/\/www.boberroehrsdorf.de\/wp-content\/uploads\/R\u00fcbezahl-4-800x1015.jpg 800w, https:\/\/www.boberroehrsdorf.de\/wp-content\/uploads\/R\u00fcbezahl-4.jpg 1230w\" sizes=\"(max-width: 350px) 100vw, 350px\" \/><\/p>\n<p>Und aufgepasst&#8230;! R\u00fcbezahl, dieser Geselle, kann Dir auch heute noch jederzeit im Riesengebirge begegnen. Er h\u00fctet noch immer die Heimat!\u00a0 \ud83d\ude09<\/p>\n<p>&nbsp;<\/p>\n<p>&nbsp;<\/p>\n<p>&nbsp;<br \/>\n<iframe  id=\"_ytid_63287\"  width=\"480\" height=\"270\"  data-origwidth=\"480\" data-origheight=\"270\" src=\"https:\/\/www.youtube.com\/embed\/OhbDSckiFXY?enablejsapi=1&#038;autoplay=0&#038;cc_load_policy=0&#038;cc_lang_pref=&#038;iv_load_policy=1&#038;loop=0&#038;rel=0&#038;fs=1&#038;playsinline=0&#038;autohide=2&#038;theme=dark&#038;color=red&#038;controls=1&#038;disablekb=0&#038;\" class=\"__youtube_prefs__  epyt-is-override  no-lazyload\" title=\"YouTube player\"  allow=\"fullscreen; accelerometer; autoplay; clipboard-write; encrypted-media; gyroscope; picture-in-picture; web-share\" referrerpolicy=\"strict-origin-when-cross-origin\" allowfullscreen data-no-lazy=\"1\" data-skipgform_ajax_framebjll=\"\"><\/iframe><\/p>\n","protected":false},"excerpt":{"rendered":"<p>Blick vom Boberr\u00f6hrsdorfer &#8222;B\u00fcchelberg&#8220; auf das Riesengebirge Auf der rechten Seite ist von Boberr\u00f6hrsdorf &#8222;Die Siedlung&#8220; zu sehen &nbsp; Boberr\u00f6hrsdorf, Kreis Hirschberg Lage in Europa Quelle: Wikipedia &nbsp; &nbsp; Der Ort Boberr\u00f6hrsdorf (Siedlecin, Kreis Hirschberg). Das im tief eingeschnittenen Tal des Bober 6 km nordwestlich Hirschberg gelegene Dorf Boberr\u00f6hrsdorf, Anfang des 14. Jh. als Rudgersdorf erstmals belegt, besitzt mit dem<\/p>\n<p><a class=\"more-link\" href=\"https:\/\/www.boberroehrsdorf.de\/?page_id=581\">Weiterlesen<\/a><\/p>\n","protected":false},"author":2,"featured_media":1146,"parent":0,"menu_order":0,"comment_status":"closed","ping_status":"closed","template":"","meta":{"footnotes":""},"class_list":["post-581","page","type-page","status-publish","has-post-thumbnail","hentry"],"_links":{"self":[{"href":"https:\/\/www.boberroehrsdorf.de\/index.php?rest_route=\/wp\/v2\/pages\/581","targetHints":{"allow":["GET"]}}],"collection":[{"href":"https:\/\/www.boberroehrsdorf.de\/index.php?rest_route=\/wp\/v2\/pages"}],"about":[{"href":"https:\/\/www.boberroehrsdorf.de\/index.php?rest_route=\/wp\/v2\/types\/page"}],"author":[{"embeddable":true,"href":"https:\/\/www.boberroehrsdorf.de\/index.php?rest_route=\/wp\/v2\/users\/2"}],"replies":[{"embeddable":true,"href":"https:\/\/www.boberroehrsdorf.de\/index.php?rest_route=%2Fwp%2Fv2%2Fcomments&post=581"}],"version-history":[{"count":40,"href":"https:\/\/www.boberroehrsdorf.de\/index.php?rest_route=\/wp\/v2\/pages\/581\/revisions"}],"predecessor-version":[{"id":1165,"href":"https:\/\/www.boberroehrsdorf.de\/index.php?rest_route=\/wp\/v2\/pages\/581\/revisions\/1165"}],"wp:featuredmedia":[{"embeddable":true,"href":"https:\/\/www.boberroehrsdorf.de\/index.php?rest_route=\/wp\/v2\/media\/1146"}],"wp:attachment":[{"href":"https:\/\/www.boberroehrsdorf.de\/index.php?rest_route=%2Fwp%2Fv2%2Fmedia&parent=581"}],"curies":[{"name":"wp","href":"https:\/\/api.w.org\/{rel}","templated":true}]}}