{"id":31,"date":"2013-01-31T00:51:02","date_gmt":"2013-01-30T22:51:02","guid":{"rendered":"https:\/\/www.boberroehrsdorf.de\/?page_id=31"},"modified":"2021-12-05T21:32:51","modified_gmt":"2021-12-05T19:32:51","slug":"hier-entsteht-eine-neue-homepage","status":"publish","type":"page","link":"https:\/\/www.boberroehrsdorf.de\/?page_id=31","title":{"rendered":"Herzlich Willkommen und Schlesien Gl\u00fcckauf!"},"content":{"rendered":"\t\t<div data-elementor-type=\"wp-page\" data-elementor-id=\"31\" class=\"elementor elementor-31\">\n\t\t\t\t\t\t\t\t\t<section class=\"elementor-section elementor-top-section elementor-element elementor-element-12b7f342 elementor-section-boxed elementor-section-height-default elementor-section-height-default\" data-id=\"12b7f342\" data-element_type=\"section\">\n\t\t\t\t\t\t<div class=\"elementor-container elementor-column-gap-default\">\n\t\t\t\t\t<div class=\"elementor-column elementor-col-100 elementor-top-column elementor-element elementor-element-6b781760\" data-id=\"6b781760\" data-element_type=\"column\">\n\t\t\t<div class=\"elementor-widget-wrap elementor-element-populated\">\n\t\t\t\t\t\t\t\t<div class=\"elementor-element elementor-element-78122b1c elementor-widget elementor-widget-text-editor\" data-id=\"78122b1c\" data-element_type=\"widget\" data-widget_type=\"text-editor.default\">\n\t\t\t\t<div class=\"elementor-widget-container\">\n\t\t\t\t\t\t\t<p style=\"text-align: justify;\"><span style=\"color: #000000;\">Meine Vorfahren stammen aus Ober- und Niederschlesien (Riesengebirge). Derjenige Teil aus dem niederschlesischen Boberr\u00f6hrsdorf, Kreis Hirschberg (heute Jelenia Gora) im Riesengebirge, wurde am Sonntag den 16. Juni 1946 aus der seit Jahrhunderten angestammten Heimat Schlesien vertrieben. Diese Seite soll eine Verbindung herstellen von den deutschen Wurzeln Boberr\u00f6hrsdorfs mit der polnischen Gegenwart, Siedlecin. \u00a0Dazu soll der Versuch unternommen werden Bilder und Geschichten von Menschen die seit vielen Jahrhunderten hier lebten und Menschen des heute polnischen Siedlecin, im Laufe der Zeit, auf dieser Netzseite zusammenzuf\u00fchren.<\/span><\/p><p style=\"text-align: justify;\"><span style=\"color: #000000;\">Klicken Sie sich einfach durch die Seiten und hinterlassen Sie sehr gerne auch Anregungen im G\u00e4stebuch. Es interessieren mich zur lfd. Erg\u00e4nzung besonders alte Fotografien und sonstige Aufzeichnungen von Boberr\u00f6hrsdorf, die das damalige Leben hier wiedergeben. Aber mittlerweile auch neue Geschichten des &#8222;Br\u00fcckenbaus&#8220; zwischen Deutschen und Polen. Auf diese Weise kann, jeder der will, einen Erkenntnisgewinn und positiven Nutzen daraus erzielen.<\/span><\/p><p style=\"text-align: justify;\"><span style=\"color: #000000;\">Diese Netzseite befindet sich in\u00a0stetiger Entwicklung, und soll sukzessive ein Hort m\u00f6glichst vieler fundierter Informationen f\u00fcr Interessierte, v.a. f\u00fcr die Nachkommen der Heimatvertriebenen werden. Aber durchaus auch f\u00fcr die Jugend der neuen polnischen Bewohner von Boberr\u00f6hrsdorf\/ Siedlecin, die sich f\u00fcr die Historie des Ortes und der Menschen aus deutscher Zeit interessieren. Die Netzseite lebt vom Zufluss an Wissen. Also schauen Sie ruhig ab und zu mal wieder herein!<\/span><\/p><p style=\"text-align: right;\"><span style=\"color: #000000;\">Vielen Dank! Axel Bl\u00fcmel <strong>\u00a0<\/strong><\/span><\/p><h2 style=\"text-align: center;\"><span style=\"color: #333333;\"><strong>Diese Seiten sind, in tiefer Dankbarkeit, meinen Eltern <\/strong><strong>Horst <\/strong><\/span><span style=\"color: #333333;\"><strong>(\u2020) <\/strong><\/span><span style=\"color: #333333;\"><strong>und Ursula (\u2020) Bl\u00fcmel, geb. Komander gewidmet.\u00a0<\/strong><\/span><\/h2><p style=\"text-align: center;\"><span style=\"color: #000000;\">Dank auch an meine beiden S\u00f6hne Kristof und Moritz f\u00fcr ihre Unterst\u00fctzung bei Erstellung und Pflege dieser Seite!<\/span><\/p><p style=\"text-align: justify;\"><span style=\"color: #ff0000;\">Die deutsche Geschichte von Boberr\u00f6hrsdorf endete im Sommer 1946. Fast alle Einwohner wurden, auch auf Beschluss der Siegerm\u00e4chte des 2. Weltkrieges, aus ihrer schlesischen Heimat vertrieben und durch polnische Siedler ausgetauscht.\u00a0<\/span><span style=\"color: #ff0000;\">Zum Gl\u00fcck gibt es heute ein freies und gemeinsames Europa, mit Reise- und Niederlassungsfreiheit! Vers\u00f6hnung zwischen den Menschen ensteht aber nicht durch Vergessen, die Grundlage daf\u00fcr ist die gegenseitige Anerkennung der ganzen Wahrheit.<\/span><\/p><div id=\"attachment_1218\" style=\"width: 1034px\" class=\"wp-caption alignnone\"><img fetchpriority=\"high\" decoding=\"async\" aria-describedby=\"caption-attachment-1218\" class=\"wp-image-1218 size-large\" src=\"https:\/\/www.boberroehrsdorf.de\/wp-content\/uploads\/Treck-Menzel-Erwin-Strehler-1024x658.jpg\" alt=\"\" width=\"1024\" height=\"658\" srcset=\"https:\/\/www.boberroehrsdorf.de\/wp-content\/uploads\/Treck-Menzel-Erwin-Strehler-1024x658.jpg 1024w, https:\/\/www.boberroehrsdorf.de\/wp-content\/uploads\/Treck-Menzel-Erwin-Strehler-300x193.jpg 300w, https:\/\/www.boberroehrsdorf.de\/wp-content\/uploads\/Treck-Menzel-Erwin-Strehler-768x493.jpg 768w, https:\/\/www.boberroehrsdorf.de\/wp-content\/uploads\/Treck-Menzel-Erwin-Strehler-800x514.jpg 800w\" sizes=\"(max-width: 1024px) 100vw, 1024px\" \/><p id=\"caption-attachment-1218\" class=\"wp-caption-text\">1946 Heimatverlust aller Boberr\u00f6hrsdorfer; Foto eingesandt von H. Menzel, Nachlass von Landwirt E. Strehler<\/p><\/div><h4 style=\"text-align: justify;\"><span style=\"color: #000000;\">\u00a9 Die Homepage dient rein privaten Zwecken und verfolgt keinerlei gewerbliche Ziele. Alle Bilder und Texte unterliegen dem jeweiligen Urheberrecht! Eine gewerbliche Verwendung, auch auszugsweise, ist untersagt!<strong> \u00a0<\/strong><\/span><\/h4><p>.<\/p>\t\t\t\t\t\t<\/div>\n\t\t\t\t<\/div>\n\t\t\t\t\t<\/div>\n\t\t<\/div>\n\t\t\t\t\t\t\t<\/div>\n\t\t<\/section>\n\t\t\t\t\t\t\t<\/div>\n\t\t","protected":false},"excerpt":{"rendered":"<p>Meine Vorfahren stammen aus Ober- und Niederschlesien (Riesengebirge). Derjenige Teil aus dem niederschlesischen Boberr\u00f6hrsdorf, Kreis Hirschberg (heute Jelenia Gora) im Riesengebirge, wurde am Sonntag den 16. Juni 1946 aus der seit Jahrhunderten angestammten Heimat Schlesien vertrieben. Diese Seite soll eine Verbindung herstellen von den deutschen Wurzeln Boberr\u00f6hrsdorfs mit der polnischen Gegenwart, Siedlecin. \u00a0Dazu soll der Versuch unternommen werden Bilder und<\/p>\n<p><a class=\"more-link\" href=\"https:\/\/www.boberroehrsdorf.de\/?page_id=31\">Weiterlesen<\/a><\/p>\n","protected":false},"author":3,"featured_media":294,"parent":0,"menu_order":0,"comment_status":"closed","ping_status":"closed","template":"","meta":{"footnotes":""},"class_list":["post-31","page","type-page","status-publish","has-post-thumbnail","hentry"],"_links":{"self":[{"href":"https:\/\/www.boberroehrsdorf.de\/index.php?rest_route=\/wp\/v2\/pages\/31","targetHints":{"allow":["GET"]}}],"collection":[{"href":"https:\/\/www.boberroehrsdorf.de\/index.php?rest_route=\/wp\/v2\/pages"}],"about":[{"href":"https:\/\/www.boberroehrsdorf.de\/index.php?rest_route=\/wp\/v2\/types\/page"}],"author":[{"embeddable":true,"href":"https:\/\/www.boberroehrsdorf.de\/index.php?rest_route=\/wp\/v2\/users\/3"}],"replies":[{"embeddable":true,"href":"https:\/\/www.boberroehrsdorf.de\/index.php?rest_route=%2Fwp%2Fv2%2Fcomments&post=31"}],"version-history":[{"count":62,"href":"https:\/\/www.boberroehrsdorf.de\/index.php?rest_route=\/wp\/v2\/pages\/31\/revisions"}],"predecessor-version":[{"id":1393,"href":"https:\/\/www.boberroehrsdorf.de\/index.php?rest_route=\/wp\/v2\/pages\/31\/revisions\/1393"}],"wp:featuredmedia":[{"embeddable":true,"href":"https:\/\/www.boberroehrsdorf.de\/index.php?rest_route=\/wp\/v2\/media\/294"}],"wp:attachment":[{"href":"https:\/\/www.boberroehrsdorf.de\/index.php?rest_route=%2Fwp%2Fv2%2Fmedia&parent=31"}],"curies":[{"name":"wp","href":"https:\/\/api.w.org\/{rel}","templated":true}]}}