{"id":306,"date":"2014-07-13T13:58:09","date_gmt":"2014-07-13T11:58:09","guid":{"rendered":"https:\/\/www.boberroehrsdorf.de\/?page_id=306"},"modified":"2020-01-11T11:43:11","modified_gmt":"2020-01-11T09:43:11","slug":"unbekanntes-boberroehrsdorf","status":"publish","type":"page","link":"https:\/\/www.boberroehrsdorf.de\/?page_id=306","title":{"rendered":"Unbekanntes Boberr\u00f6hrsdorf"},"content":{"rendered":"<p>Einige dieser Fotos wurden mir von heutigen polnischen Bewohnern Boberr\u00f6hrsdorfs\/ Siedlecin als Reaktion auf meine Homepage zugesandt. Andere wurden mir vor Ort in Boberr\u00f6hrsdorf\/ Siedlecin gegeben. Wieder andere wurden mir von deutschen Heimatvertriebenen \u00fcberreicht.<\/p>\n<p><strong>Vielen herzlichen Dank daf\u00fcr! Wielkie podzi\u0119kowania dla tych, kt\u00f3rzy zdj\u0119cia! Pyta<\/strong><\/p>\n<p>Ich hoffe, dass noch mehr Bilder hier wiedergegeben werden k\u00f6nnen. Und vor allem, dass der ein oder andere Betrachter noch etwas dazu sagen kann.<\/p>\n<p>Ein paar R\u00e4tsel konnten zwischenzeitlich gel\u00f6st werden..<\/p>\n<div id=\"attachment_312\" style=\"width: 235px\" class=\"wp-caption alignnone\"><a href=\"https:\/\/www.boberroehrsdorf.de\/wp-content\/uploads\/Boberrohrsdorf-2.jpg\"><img fetchpriority=\"high\" decoding=\"async\" aria-describedby=\"caption-attachment-312\" class=\"size-medium wp-image-312\" src=\"https:\/\/www.boberroehrsdorf.de\/wp-content\/uploads\/Boberrohrsdorf-2-225x300.jpg\" alt=\"Frieden\" width=\"225\" height=\"300\" srcset=\"https:\/\/www.boberroehrsdorf.de\/wp-content\/uploads\/Boberrohrsdorf-2-225x300.jpg 225w, https:\/\/www.boberroehrsdorf.de\/wp-content\/uploads\/Boberrohrsdorf-2-768x1024.jpg 768w\" sizes=\"(max-width: 225px) 100vw, 225px\" \/><\/a><p id=\"caption-attachment-312\" class=\"wp-caption-text\">Frieden<\/p><\/div>\n<div id=\"attachment_311\" style=\"width: 310px\" class=\"wp-caption alignnone\"><a href=\"https:\/\/www.boberroehrsdorf.de\/wp-content\/uploads\/Ernte.jpg\"><img decoding=\"async\" aria-describedby=\"caption-attachment-311\" class=\"size-medium wp-image-311\" src=\"https:\/\/www.boberroehrsdorf.de\/wp-content\/uploads\/Ernte-300x225.jpg\" alt=\"Ernte\" width=\"300\" height=\"225\" srcset=\"https:\/\/www.boberroehrsdorf.de\/wp-content\/uploads\/Ernte-300x225.jpg 300w, https:\/\/www.boberroehrsdorf.de\/wp-content\/uploads\/Ernte-1024x768.jpg 1024w\" sizes=\"(max-width: 300px) 100vw, 300px\" \/><\/a><p id=\"caption-attachment-311\" class=\"wp-caption-text\">Ernte<\/p><\/div>\n<div id=\"attachment_315\" style=\"width: 235px\" class=\"wp-caption alignnone\"><a href=\"https:\/\/www.boberroehrsdorf.de\/wp-content\/uploads\/Foto-von-einer-Reise-nach.jpg\"><img decoding=\"async\" aria-describedby=\"caption-attachment-315\" class=\"size-medium wp-image-315\" src=\"https:\/\/www.boberroehrsdorf.de\/wp-content\/uploads\/Foto-von-einer-Reise-nach-225x300.jpg\" alt=\"Heimweg?\" width=\"225\" height=\"300\" srcset=\"https:\/\/www.boberroehrsdorf.de\/wp-content\/uploads\/Foto-von-einer-Reise-nach-225x300.jpg 225w, https:\/\/www.boberroehrsdorf.de\/wp-content\/uploads\/Foto-von-einer-Reise-nach-768x1024.jpg 768w\" sizes=\"(max-width: 225px) 100vw, 225px\" \/><\/a><p id=\"caption-attachment-315\" class=\"wp-caption-text\">Auf dem Heimweg? &#8212; Dariush aus Tschischdorf(M\u00e4rz 2018): Auf dem Weg nach Tschischdorf<\/p><\/div>\n<div id=\"attachment_314\" style=\"width: 310px\" class=\"wp-caption alignnone\"><a href=\"https:\/\/www.boberroehrsdorf.de\/wp-content\/uploads\/Bobertalsperre-bei-Mauer-Baude.jpg\"><img loading=\"lazy\" decoding=\"async\" aria-describedby=\"caption-attachment-314\" class=\"size-medium wp-image-314\" src=\"https:\/\/www.boberroehrsdorf.de\/wp-content\/uploads\/Bobertalsperre-bei-Mauer-Baude-300x225.jpg\" alt=\"An der Bachmann-Baude, Mauertalsperre\" width=\"300\" height=\"225\" srcset=\"https:\/\/www.boberroehrsdorf.de\/wp-content\/uploads\/Bobertalsperre-bei-Mauer-Baude-300x225.jpg 300w, https:\/\/www.boberroehrsdorf.de\/wp-content\/uploads\/Bobertalsperre-bei-Mauer-Baude-1024x768.jpg 1024w\" sizes=\"(max-width: 300px) 100vw, 300px\" \/><\/a><p id=\"caption-attachment-314\" class=\"wp-caption-text\">An der Bachmann-Baude, Mauertalsperre<\/p><\/div>\n<div id=\"attachment_331\" style=\"width: 310px\" class=\"wp-caption alignnone\"><a href=\"https:\/\/www.boberroehrsdorf.de\/wp-content\/uploads\/Max-Richter-Bauklempnerei.jpg\"><img loading=\"lazy\" decoding=\"async\" aria-describedby=\"caption-attachment-331\" class=\"size-medium wp-image-331\" src=\"https:\/\/www.boberroehrsdorf.de\/wp-content\/uploads\/Max-Richter-Bauklempnerei-300x200.jpg\" alt=\"Max Richter, Bauklempnerei\" width=\"300\" height=\"200\" srcset=\"https:\/\/www.boberroehrsdorf.de\/wp-content\/uploads\/Max-Richter-Bauklempnerei-300x200.jpg 300w, https:\/\/www.boberroehrsdorf.de\/wp-content\/uploads\/Max-Richter-Bauklempnerei-1024x682.jpg 1024w\" sizes=\"(max-width: 300px) 100vw, 300px\" \/><\/a><p id=\"caption-attachment-331\" class=\"wp-caption-text\">Max Richter, Bauklempnerei &#8212; Dariush aus Tschischdorf(M\u00e4rz 2018): Hier befindet sich heute das &#8222;Kulturhaus&#8220;.<\/p><\/div>\n","protected":false},"excerpt":{"rendered":"<p>Einige dieser Fotos wurden mir von heutigen polnischen Bewohnern Boberr\u00f6hrsdorfs\/ Siedlecin als Reaktion auf meine Homepage zugesandt. Andere wurden mir vor Ort in Boberr\u00f6hrsdorf\/ Siedlecin gegeben. Wieder andere wurden mir von deutschen Heimatvertriebenen \u00fcberreicht. Vielen herzlichen Dank daf\u00fcr! Wielkie podzi\u0119kowania dla tych, kt\u00f3rzy zdj\u0119cia! Pyta Ich hoffe, dass noch mehr Bilder hier wiedergegeben werden k\u00f6nnen. Und vor allem, dass der<\/p>\n<p><a class=\"more-link\" href=\"https:\/\/www.boberroehrsdorf.de\/?page_id=306\">Weiterlesen<\/a><\/p>\n","protected":false},"author":3,"featured_media":324,"parent":0,"menu_order":0,"comment_status":"closed","ping_status":"closed","template":"","meta":{"footnotes":""},"class_list":["post-306","page","type-page","status-publish","has-post-thumbnail","hentry"],"_links":{"self":[{"href":"https:\/\/www.boberroehrsdorf.de\/index.php?rest_route=\/wp\/v2\/pages\/306","targetHints":{"allow":["GET"]}}],"collection":[{"href":"https:\/\/www.boberroehrsdorf.de\/index.php?rest_route=\/wp\/v2\/pages"}],"about":[{"href":"https:\/\/www.boberroehrsdorf.de\/index.php?rest_route=\/wp\/v2\/types\/page"}],"author":[{"embeddable":true,"href":"https:\/\/www.boberroehrsdorf.de\/index.php?rest_route=\/wp\/v2\/users\/3"}],"replies":[{"embeddable":true,"href":"https:\/\/www.boberroehrsdorf.de\/index.php?rest_route=%2Fwp%2Fv2%2Fcomments&post=306"}],"version-history":[{"count":11,"href":"https:\/\/www.boberroehrsdorf.de\/index.php?rest_route=\/wp\/v2\/pages\/306\/revisions"}],"predecessor-version":[{"id":1335,"href":"https:\/\/www.boberroehrsdorf.de\/index.php?rest_route=\/wp\/v2\/pages\/306\/revisions\/1335"}],"wp:featuredmedia":[{"embeddable":true,"href":"https:\/\/www.boberroehrsdorf.de\/index.php?rest_route=\/wp\/v2\/media\/324"}],"wp:attachment":[{"href":"https:\/\/www.boberroehrsdorf.de\/index.php?rest_route=%2Fwp%2Fv2%2Fmedia&parent=306"}],"curies":[{"name":"wp","href":"https:\/\/api.w.org\/{rel}","templated":true}]}}