{"id":1102,"date":"2018-04-22T21:43:49","date_gmt":"2018-04-22T19:43:49","guid":{"rendered":"https:\/\/www.boberroehrsdorf.de\/?page_id=1102"},"modified":"2019-01-18T18:21:15","modified_gmt":"2019-01-18T16:21:15","slug":"kretschame","status":"publish","type":"page","link":"https:\/\/www.boberroehrsdorf.de\/?page_id=1102","title":{"rendered":"Kretschame"},"content":{"rendered":"<h1><span style=\"color: #003366;\"><strong>Der Kretscham<\/strong><\/span><\/h1>\n<p>Nach alten Unterlagen besa\u00df Boberr\u00f6hrsdorf, mit seinen um die 1800 Einwohnern, acht Gasth\u00f6fe. Das waren in willk\u00fcrlicher Reihenfolge:<\/p>\n<h2>1.&#8220;Gasthaus zur Erholung&#8220;, unterhalb vom Fichtenberg<\/h2>\n<div id=\"attachment_525\" style=\"width: 260px\" class=\"wp-caption alignleft\"><a href=\"https:\/\/www.boberroehrsdorf.de\/wp-content\/uploads\/Gasthaus-zur-Erholung-Boberr\u00f6hrsdorf-Eingesandt-von-H.-J\u00fcrgen-Gl\u00e4ser.jpg\"><img fetchpriority=\"high\" decoding=\"async\" aria-describedby=\"caption-attachment-525\" class=\"wp-image-525\" style=\"font-weight: bold; background-color: transparent; font-size: 1rem;\" src=\"https:\/\/www.boberroehrsdorf.de\/wp-content\/uploads\/Gasthaus-zur-Erholung-Boberr\u00f6hrsdorf-Eingesandt-von-H.-J\u00fcrgen-Gl\u00e4ser-192x300.jpg\" alt=\"\" width=\"250\" height=\"390\" srcset=\"https:\/\/www.boberroehrsdorf.de\/wp-content\/uploads\/Gasthaus-zur-Erholung-Boberr\u00f6hrsdorf-Eingesandt-von-H.-J\u00fcrgen-Gl\u00e4ser-192x300.jpg 192w, https:\/\/www.boberroehrsdorf.de\/wp-content\/uploads\/Gasthaus-zur-Erholung-Boberr\u00f6hrsdorf-Eingesandt-von-H.-J\u00fcrgen-Gl\u00e4ser.jpg 512w\" sizes=\"(max-width: 250px) 100vw, 250px\" \/><\/a><p id=\"caption-attachment-525\" class=\"wp-caption-text\">Original-Dokumente der Zeitgeschichte; &#8222;Gasthaus zur Erholung&#8220;;<span style=\"font-size: 0.857143rem; background-color: transparent;\">\u00a0Eingesandt von H.-J\u00fcrgen Gl\u00e4ser (Enkel)<\/span><\/p><\/div>\n<p><a href=\"https:\/\/www.boberroehrsdorf.de\/wp-content\/uploads\/Gastst\u00e4tte-zur-Erholung-und-Ortsansicht-Netzseite.jpg\"><img decoding=\"async\" class=\"alignnone wp-image-1310\" src=\"https:\/\/www.boberroehrsdorf.de\/wp-content\/uploads\/Gastst\u00e4tte-zur-Erholung-und-Ortsansicht-Netzseite-191x300.jpg\" alt=\"\" width=\"250\" height=\"394\" srcset=\"https:\/\/www.boberroehrsdorf.de\/wp-content\/uploads\/Gastst\u00e4tte-zur-Erholung-und-Ortsansicht-Netzseite-191x300.jpg 191w, https:\/\/www.boberroehrsdorf.de\/wp-content\/uploads\/Gastst\u00e4tte-zur-Erholung-und-Ortsansicht-Netzseite-768x1209.jpg 768w, https:\/\/www.boberroehrsdorf.de\/wp-content\/uploads\/Gastst\u00e4tte-zur-Erholung-und-Ortsansicht-Netzseite-651x1024.jpg 651w, https:\/\/www.boberroehrsdorf.de\/wp-content\/uploads\/Gastst\u00e4tte-zur-Erholung-und-Ortsansicht-Netzseite-800x1259.jpg 800w, https:\/\/www.boberroehrsdorf.de\/wp-content\/uploads\/Gastst\u00e4tte-zur-Erholung-und-Ortsansicht-Netzseite.jpg 836w\" sizes=\"(max-width: 250px) 100vw, 250px\" \/><\/a><\/p>\n<p>&nbsp;<\/p>\n<p>&nbsp;<\/p>\n<p><a href=\"https:\/\/www.boberroehrsdorf.de\/wp-content\/uploads\/Genehmigung-Tanzlustbarkeit-1907.jpg\"><img decoding=\"async\" class=\"wp-image-1290 size-medium alignright\" src=\"https:\/\/www.boberroehrsdorf.de\/wp-content\/uploads\/Genehmigung-Tanzlustbarkeit-1907-300x244.jpg\" alt=\"\" width=\"300\" height=\"244\" srcset=\"https:\/\/www.boberroehrsdorf.de\/wp-content\/uploads\/Genehmigung-Tanzlustbarkeit-1907-300x244.jpg 300w, https:\/\/www.boberroehrsdorf.de\/wp-content\/uploads\/Genehmigung-Tanzlustbarkeit-1907-768x623.jpg 768w, https:\/\/www.boberroehrsdorf.de\/wp-content\/uploads\/Genehmigung-Tanzlustbarkeit-1907-800x649.jpg 800w, https:\/\/www.boberroehrsdorf.de\/wp-content\/uploads\/Genehmigung-Tanzlustbarkeit-1907.jpg 983w\" sizes=\"(max-width: 300px) 100vw, 300px\" \/><\/a><a href=\"https:\/\/www.boberroehrsdorf.de\/wp-content\/uploads\/Kauf-des-Wirtshauses-1905-Graphik-2019.jpg\"><img loading=\"lazy\" decoding=\"async\" class=\"wp-image-1292 size-medium alignnone\" src=\"https:\/\/www.boberroehrsdorf.de\/wp-content\/uploads\/Kauf-des-Wirtshauses-1905-Graphik-2019-300x258.jpg\" alt=\"\" width=\"300\" height=\"258\" srcset=\"https:\/\/www.boberroehrsdorf.de\/wp-content\/uploads\/Kauf-des-Wirtshauses-1905-Graphik-2019-300x258.jpg 300w, https:\/\/www.boberroehrsdorf.de\/wp-content\/uploads\/Kauf-des-Wirtshauses-1905-Graphik-2019-768x660.jpg 768w, https:\/\/www.boberroehrsdorf.de\/wp-content\/uploads\/Kauf-des-Wirtshauses-1905-Graphik-2019-800x688.jpg 800w, https:\/\/www.boberroehrsdorf.de\/wp-content\/uploads\/Kauf-des-Wirtshauses-1905-Graphik-2019.jpg 818w\" sizes=\"(max-width: 300px) 100vw, 300px\" \/><\/a> <a href=\"https:\/\/www.boberroehrsdorf.de\/wp-content\/uploads\/Fu\u00dfbodenverlegung-1907-Graphik-2019.jpg\"><img loading=\"lazy\" decoding=\"async\" class=\"wp-image-1291 size-medium alignnone\" src=\"https:\/\/www.boberroehrsdorf.de\/wp-content\/uploads\/Fu\u00dfbodenverlegung-1907-Graphik-2019-300x269.jpg\" alt=\"\" width=\"300\" height=\"269\" srcset=\"https:\/\/www.boberroehrsdorf.de\/wp-content\/uploads\/Fu\u00dfbodenverlegung-1907-Graphik-2019-300x269.jpg 300w, https:\/\/www.boberroehrsdorf.de\/wp-content\/uploads\/Fu\u00dfbodenverlegung-1907-Graphik-2019-768x690.jpg 768w, https:\/\/www.boberroehrsdorf.de\/wp-content\/uploads\/Fu\u00dfbodenverlegung-1907-Graphik-2019-800x719.jpg 800w, https:\/\/www.boberroehrsdorf.de\/wp-content\/uploads\/Fu\u00dfbodenverlegung-1907-Graphik-2019.jpg 874w\" sizes=\"(max-width: 300px) 100vw, 300px\" \/><\/a><\/p>\n<h2>2. Gasthaus &#8222;Halbe Meile&#8220;<\/h2>\n<div id=\"attachment_1075\" style=\"width: 410px\" class=\"wp-caption alignnone\"><a href=\"https:\/\/www.boberroehrsdorf.de\/wp-content\/uploads\/IMG_20180209_0014.jpg\"><img loading=\"lazy\" decoding=\"async\" aria-describedby=\"caption-attachment-1075\" class=\"wp-image-1075\" src=\"https:\/\/www.boberroehrsdorf.de\/wp-content\/uploads\/IMG_20180209_0014-300x197.jpg\" alt=\"\" width=\"400\" height=\"263\" srcset=\"https:\/\/www.boberroehrsdorf.de\/wp-content\/uploads\/IMG_20180209_0014-300x197.jpg 300w, https:\/\/www.boberroehrsdorf.de\/wp-content\/uploads\/IMG_20180209_0014-768x505.jpg 768w, https:\/\/www.boberroehrsdorf.de\/wp-content\/uploads\/IMG_20180209_0014-1024x673.jpg 1024w, https:\/\/www.boberroehrsdorf.de\/wp-content\/uploads\/IMG_20180209_0014-800x526.jpg 800w, https:\/\/www.boberroehrsdorf.de\/wp-content\/uploads\/IMG_20180209_0014.jpg 1044w\" sizes=\"(max-width: 400px) 100vw, 400px\" \/><\/a><p id=\"caption-attachment-1075\" class=\"wp-caption-text\">Gasthaus &#8222;Halbe Meile&#8220;, Wachholdersch\u00e4nke; Foto aus Bestd. Gerhardt Dittrich<\/p><\/div>\n<h2>3. Gasthaus &#8222;Zur Eisenbahn&#8220;<\/h2>\n<p>Erbaut 1884, das Schr\u00f6tersche Gasthaus &#8222;Zur Eisenbahn&#8220;. Seit 1923 im Besitz von Wilhelm und Berta Blume. Wobei Wilhelm Blume f\u00fcr den Schankraum zust\u00e4ndig war und seine Frau Berta mit Tochter Marga (sp\u00e4ter Ellenberg) f\u00fcr die K\u00fcche. Der Kretscham besa\u00df auch einen gro\u00dfen Saal f\u00fcr Veranstaltungen. Seit Anfang 1944 in Nutzung f\u00fcr Schlosserei und Landmaschinen (Exner?)\u00a0\u00a0<em>Fotos eingesandt von B. Ellenberg<\/em><\/p>\n<p><a href=\"https:\/\/www.boberroehrsdorf.de\/wp-content\/uploads\/Gasthof-zur-Eisenbahn.jpg\"><img loading=\"lazy\" decoding=\"async\" class=\"alignnone wp-image-1197 size-medium\" src=\"https:\/\/www.boberroehrsdorf.de\/wp-content\/uploads\/Gasthof-zur-Eisenbahn-300x203.jpg\" alt=\"\" width=\"300\" height=\"203\" srcset=\"https:\/\/www.boberroehrsdorf.de\/wp-content\/uploads\/Gasthof-zur-Eisenbahn-300x203.jpg 300w, https:\/\/www.boberroehrsdorf.de\/wp-content\/uploads\/Gasthof-zur-Eisenbahn-768x519.jpg 768w, https:\/\/www.boberroehrsdorf.de\/wp-content\/uploads\/Gasthof-zur-Eisenbahn-800x541.jpg 800w, https:\/\/www.boberroehrsdorf.de\/wp-content\/uploads\/Gasthof-zur-Eisenbahn.jpg 868w\" sizes=\"(max-width: 300px) 100vw, 300px\" \/><\/a><a href=\"https:\/\/www.boberroehrsdorf.de\/wp-content\/uploads\/Wilhelm-und-Berta-Blume.jpg\"><img loading=\"lazy\" decoding=\"async\" class=\"alignnone wp-image-1196 size-medium\" src=\"https:\/\/www.boberroehrsdorf.de\/wp-content\/uploads\/Wilhelm-und-Berta-Blume-300x201.jpg\" alt=\"\" width=\"300\" height=\"201\" srcset=\"https:\/\/www.boberroehrsdorf.de\/wp-content\/uploads\/Wilhelm-und-Berta-Blume-300x201.jpg 300w, https:\/\/www.boberroehrsdorf.de\/wp-content\/uploads\/Wilhelm-und-Berta-Blume-768x514.jpg 768w, https:\/\/www.boberroehrsdorf.de\/wp-content\/uploads\/Wilhelm-und-Berta-Blume-800x535.jpg 800w, https:\/\/www.boberroehrsdorf.de\/wp-content\/uploads\/Wilhelm-und-Berta-Blume.jpg 888w\" sizes=\"(max-width: 300px) 100vw, 300px\" \/><\/a><\/p>\n<p>&nbsp;<\/p>\n<h2>4. &#8222;Gasthaus zur Boberbr\u00fccke&#8220; Inhaber Oskar Wehner<\/h2>\n<div id=\"attachment_1203\" style=\"width: 410px\" class=\"wp-caption alignnone\"><a href=\"https:\/\/www.boberroehrsdorf.de\/wp-content\/uploads\/20-GASTHAUS-WEHNER.jpg\"><img loading=\"lazy\" decoding=\"async\" aria-describedby=\"caption-attachment-1203\" class=\"wp-image-1203\" src=\"https:\/\/www.boberroehrsdorf.de\/wp-content\/uploads\/20-GASTHAUS-WEHNER-300x200.jpg\" alt=\"\" width=\"400\" height=\"267\" srcset=\"https:\/\/www.boberroehrsdorf.de\/wp-content\/uploads\/20-GASTHAUS-WEHNER-300x200.jpg 300w, https:\/\/www.boberroehrsdorf.de\/wp-content\/uploads\/20-GASTHAUS-WEHNER-768x512.jpg 768w, https:\/\/www.boberroehrsdorf.de\/wp-content\/uploads\/20-GASTHAUS-WEHNER-1024x682.jpg 1024w, https:\/\/www.boberroehrsdorf.de\/wp-content\/uploads\/20-GASTHAUS-WEHNER-800x533.jpg 800w, https:\/\/www.boberroehrsdorf.de\/wp-content\/uploads\/20-GASTHAUS-WEHNER.jpg 1874w\" sizes=\"(max-width: 400px) 100vw, 400px\" \/><\/a><p id=\"caption-attachment-1203\" class=\"wp-caption-text\">Foto vom Mai 2018<\/p><\/div>\n<div id=\"attachment_746\" style=\"width: 410px\" class=\"wp-caption alignnone\"><a href=\"https:\/\/www.boberroehrsdorf.de\/wp-content\/uploads\/IMG_4062.jpg\"><img loading=\"lazy\" decoding=\"async\" aria-describedby=\"caption-attachment-746\" class=\"wp-image-746\" src=\"https:\/\/www.boberroehrsdorf.de\/wp-content\/uploads\/IMG_4062-300x200.jpg\" alt=\"\" width=\"400\" height=\"267\" srcset=\"https:\/\/www.boberroehrsdorf.de\/wp-content\/uploads\/IMG_4062-300x200.jpg 300w, https:\/\/www.boberroehrsdorf.de\/wp-content\/uploads\/IMG_4062-768x512.jpg 768w, https:\/\/www.boberroehrsdorf.de\/wp-content\/uploads\/IMG_4062-1024x683.jpg 1024w, https:\/\/www.boberroehrsdorf.de\/wp-content\/uploads\/IMG_4062-800x534.jpg 800w\" sizes=\"(max-width: 400px) 100vw, 400px\" \/><\/a><p id=\"caption-attachment-746\" class=\"wp-caption-text\">Auf der Boberbr\u00fccke, mit Blick auf Dominium (links) und &#8222;Gasthaus zur Boberbr\u00fccke&#8220; (rechts) Foto von 2018<\/p><\/div>\n<p>&nbsp;<\/p>\n<h2>5. &#8222;Turmsteinbaude&#8220; a. d. Boberr\u00f6hrsdorfer Talsperre, P\u00e4chter Richard Weist<\/h2>\n<p><a href=\"https:\/\/www.boberroehrsdorf.de\/wp-content\/uploads\/Turmsteinbaude-5.jpg\"><img loading=\"lazy\" decoding=\"async\" class=\"alignnone wp-image-1301 size-medium\" src=\"https:\/\/www.boberroehrsdorf.de\/wp-content\/uploads\/Turmsteinbaude-5-300x169.jpg\" alt=\"\" width=\"300\" height=\"169\" srcset=\"https:\/\/www.boberroehrsdorf.de\/wp-content\/uploads\/Turmsteinbaude-5-300x169.jpg 300w, https:\/\/www.boberroehrsdorf.de\/wp-content\/uploads\/Turmsteinbaude-5-768x432.jpg 768w, https:\/\/www.boberroehrsdorf.de\/wp-content\/uploads\/Turmsteinbaude-5-1024x576.jpg 1024w, https:\/\/www.boberroehrsdorf.de\/wp-content\/uploads\/Turmsteinbaude-5-800x450.jpg 800w\" sizes=\"(max-width: 300px) 100vw, 300px\" \/><\/a> <a href=\"https:\/\/www.boberroehrsdorf.de\/wp-content\/uploads\/Turmsteinbaude-7.jpg\"><img loading=\"lazy\" decoding=\"async\" class=\"alignnone wp-image-1303 size-medium\" src=\"https:\/\/www.boberroehrsdorf.de\/wp-content\/uploads\/Turmsteinbaude-7-169x300.jpg\" alt=\"\" width=\"169\" height=\"300\" srcset=\"https:\/\/www.boberroehrsdorf.de\/wp-content\/uploads\/Turmsteinbaude-7-169x300.jpg 169w, https:\/\/www.boberroehrsdorf.de\/wp-content\/uploads\/Turmsteinbaude-7-768x1366.jpg 768w, https:\/\/www.boberroehrsdorf.de\/wp-content\/uploads\/Turmsteinbaude-7-576x1024.jpg 576w, https:\/\/www.boberroehrsdorf.de\/wp-content\/uploads\/Turmsteinbaude-7-800x1423.jpg 800w, https:\/\/www.boberroehrsdorf.de\/wp-content\/uploads\/Turmsteinbaude-7.jpg 1109w\" sizes=\"(max-width: 169px) 100vw, 169px\" \/><\/a> <a href=\"https:\/\/www.boberroehrsdorf.de\/wp-content\/uploads\/Turmsteinbaude-1.jpg\"><img loading=\"lazy\" decoding=\"async\" class=\"alignnone wp-image-1300 size-medium\" src=\"https:\/\/www.boberroehrsdorf.de\/wp-content\/uploads\/Turmsteinbaude-1-169x300.jpg\" alt=\"\" width=\"169\" height=\"300\" srcset=\"https:\/\/www.boberroehrsdorf.de\/wp-content\/uploads\/Turmsteinbaude-1-169x300.jpg 169w, https:\/\/www.boberroehrsdorf.de\/wp-content\/uploads\/Turmsteinbaude-1-768x1366.jpg 768w, https:\/\/www.boberroehrsdorf.de\/wp-content\/uploads\/Turmsteinbaude-1-576x1024.jpg 576w, https:\/\/www.boberroehrsdorf.de\/wp-content\/uploads\/Turmsteinbaude-1-800x1423.jpg 800w, https:\/\/www.boberroehrsdorf.de\/wp-content\/uploads\/Turmsteinbaude-1.jpg 1109w\" sizes=\"(max-width: 169px) 100vw, 169px\" \/><\/a> <a href=\"https:\/\/www.boberroehrsdorf.de\/wp-content\/uploads\/Turmsteinbaude-6.jpg\"><img loading=\"lazy\" decoding=\"async\" class=\"alignnone wp-image-1302 size-medium\" src=\"https:\/\/www.boberroehrsdorf.de\/wp-content\/uploads\/Turmsteinbaude-6-169x300.jpg\" alt=\"\" width=\"169\" height=\"300\" srcset=\"https:\/\/www.boberroehrsdorf.de\/wp-content\/uploads\/Turmsteinbaude-6-169x300.jpg 169w, https:\/\/www.boberroehrsdorf.de\/wp-content\/uploads\/Turmsteinbaude-6-768x1366.jpg 768w, https:\/\/www.boberroehrsdorf.de\/wp-content\/uploads\/Turmsteinbaude-6-576x1024.jpg 576w, https:\/\/www.boberroehrsdorf.de\/wp-content\/uploads\/Turmsteinbaude-6-800x1423.jpg 800w, https:\/\/www.boberroehrsdorf.de\/wp-content\/uploads\/Turmsteinbaude-6.jpg 1109w\" sizes=\"(max-width: 169px) 100vw, 169px\" \/><\/a> <a href=\"https:\/\/www.boberroehrsdorf.de\/wp-content\/uploads\/Turmsteinbaude-8.jpg\"><img loading=\"lazy\" decoding=\"async\" class=\"alignnone wp-image-1304 size-medium\" src=\"https:\/\/www.boberroehrsdorf.de\/wp-content\/uploads\/Turmsteinbaude-8-169x300.jpg\" alt=\"\" width=\"169\" height=\"300\" srcset=\"https:\/\/www.boberroehrsdorf.de\/wp-content\/uploads\/Turmsteinbaude-8-169x300.jpg 169w, https:\/\/www.boberroehrsdorf.de\/wp-content\/uploads\/Turmsteinbaude-8-768x1365.jpg 768w, https:\/\/www.boberroehrsdorf.de\/wp-content\/uploads\/Turmsteinbaude-8-576x1024.jpg 576w, https:\/\/www.boberroehrsdorf.de\/wp-content\/uploads\/Turmsteinbaude-8-800x1422.jpg 800w, https:\/\/www.boberroehrsdorf.de\/wp-content\/uploads\/Turmsteinbaude-8.jpg 951w\" sizes=\"(max-width: 169px) 100vw, 169px\" \/><\/a><\/p>\n<p>Nach Kindheitserinnerung meines Vaters haben sie als Kinder im umliegenden Wald Maigl\u00f6ckchen gesammelt und kleine Str\u00e4u\u00dfe davon an G\u00e4ste der gut besuchten Turmsteinbaude verkauft. 50Pfennig pro Strau\u00df waren wohl &#8222;drin&#8220;. Vom B\u00fcchelberg bis zur Turmsteinbaude war es schon ein weiter Weg f\u00fcr Kinderbeine&#8230;Auch heute noch ist die Turmsteinbaude, nun als\u00a0 &#8222;Perla Zachodu&#8220;, ein beliebtes Ausflugsziel.<\/p>\n<p>&nbsp;<\/p>\n<h2>6. Der &#8222;Gerichtskretscham&#8220; von Georg G\u00f6rlach<\/h2>\n<div id=\"attachment_1204\" style=\"width: 410px\" class=\"wp-caption alignnone\"><a href=\"https:\/\/www.boberroehrsdorf.de\/wp-content\/uploads\/30-Gasthaus-GERICHTSKRETSCHAM-G\u00f6rlach.jpg\"><img loading=\"lazy\" decoding=\"async\" aria-describedby=\"caption-attachment-1204\" class=\"wp-image-1204\" src=\"https:\/\/www.boberroehrsdorf.de\/wp-content\/uploads\/30-Gasthaus-GERICHTSKRETSCHAM-G\u00f6rlach-300x200.jpg\" alt=\"\" width=\"400\" height=\"267\" srcset=\"https:\/\/www.boberroehrsdorf.de\/wp-content\/uploads\/30-Gasthaus-GERICHTSKRETSCHAM-G\u00f6rlach-300x200.jpg 300w, https:\/\/www.boberroehrsdorf.de\/wp-content\/uploads\/30-Gasthaus-GERICHTSKRETSCHAM-G\u00f6rlach-768x512.jpg 768w, https:\/\/www.boberroehrsdorf.de\/wp-content\/uploads\/30-Gasthaus-GERICHTSKRETSCHAM-G\u00f6rlach-1024x683.jpg 1024w, https:\/\/www.boberroehrsdorf.de\/wp-content\/uploads\/30-Gasthaus-GERICHTSKRETSCHAM-G\u00f6rlach-800x533.jpg 800w\" sizes=\"(max-width: 400px) 100vw, 400px\" \/><\/a><p id=\"caption-attachment-1204\" class=\"wp-caption-text\">Foto vom Mai 2018<\/p><\/div>\n<h2>7. Die &#8222;Obersch\u00e4nke&#8220; von Bruno Wittwer, am Fu\u00dfe des B\u00fcchelberges<\/h2>\n<h2>8. &#8222;Kretschmers Erholungsbaude&#8220; an der Stra\u00dfe Grunau-Langenau<\/h2>\n<p>-Kein Foto verf\u00fcgbar-<\/p>\n<p>&nbsp;<\/p>\n","protected":false},"excerpt":{"rendered":"<p>Der Kretscham Nach alten Unterlagen besa\u00df Boberr\u00f6hrsdorf, mit seinen um die 1800 Einwohnern, acht Gasth\u00f6fe. Das waren in willk\u00fcrlicher Reihenfolge: 1.&#8220;Gasthaus zur Erholung&#8220;, unterhalb vom Fichtenberg &nbsp; &nbsp; 2. Gasthaus &#8222;Halbe Meile&#8220; 3. Gasthaus &#8222;Zur Eisenbahn&#8220; Erbaut 1884, das Schr\u00f6tersche Gasthaus &#8222;Zur Eisenbahn&#8220;. Seit 1923 im Besitz von Wilhelm und Berta Blume. Wobei Wilhelm Blume f\u00fcr den Schankraum zust\u00e4ndig war<\/p>\n<p><a class=\"more-link\" href=\"https:\/\/www.boberroehrsdorf.de\/?page_id=1102\">Weiterlesen<\/a><\/p>\n","protected":false},"author":2,"featured_media":0,"parent":0,"menu_order":0,"comment_status":"closed","ping_status":"closed","template":"","meta":{"footnotes":""},"class_list":["post-1102","page","type-page","status-publish","hentry"],"_links":{"self":[{"href":"https:\/\/www.boberroehrsdorf.de\/index.php?rest_route=\/wp\/v2\/pages\/1102","targetHints":{"allow":["GET"]}}],"collection":[{"href":"https:\/\/www.boberroehrsdorf.de\/index.php?rest_route=\/wp\/v2\/pages"}],"about":[{"href":"https:\/\/www.boberroehrsdorf.de\/index.php?rest_route=\/wp\/v2\/types\/page"}],"author":[{"embeddable":true,"href":"https:\/\/www.boberroehrsdorf.de\/index.php?rest_route=\/wp\/v2\/users\/2"}],"replies":[{"embeddable":true,"href":"https:\/\/www.boberroehrsdorf.de\/index.php?rest_route=%2Fwp%2Fv2%2Fcomments&post=1102"}],"version-history":[{"count":32,"href":"https:\/\/www.boberroehrsdorf.de\/index.php?rest_route=\/wp\/v2\/pages\/1102\/revisions"}],"predecessor-version":[{"id":1313,"href":"https:\/\/www.boberroehrsdorf.de\/index.php?rest_route=\/wp\/v2\/pages\/1102\/revisions\/1313"}],"wp:attachment":[{"href":"https:\/\/www.boberroehrsdorf.de\/index.php?rest_route=%2Fwp%2Fv2%2Fmedia&parent=1102"}],"curies":[{"name":"wp","href":"https:\/\/api.w.org\/{rel}","templated":true}]}}