{"id":1061,"date":"2018-04-21T20:04:43","date_gmt":"2018-04-21T18:04:43","guid":{"rendered":"https:\/\/www.boberroehrsdorf.de\/?page_id=1061"},"modified":"2021-12-05T20:06:58","modified_gmt":"2021-12-05T18:06:58","slug":"so-lasst-uns-denn-ein-apfelbaeumchen-pflanzen","status":"publish","type":"page","link":"https:\/\/www.boberroehrsdorf.de\/?page_id=1061","title":{"rendered":"So lasst uns denn ein Apfelb\u00e4umchen pflanzen.."},"content":{"rendered":"<div id=\"attachment_1057\" style=\"width: 1034px\" class=\"wp-caption alignnone\"><a href=\"https:\/\/www.boberroehrsdorf.de\/wp-content\/uploads\/Schlesischer-Lehmapfel-21.April-2018-14.jpg\"><img fetchpriority=\"high\" decoding=\"async\" aria-describedby=\"caption-attachment-1057\" class=\"wp-image-1057 size-large\" src=\"https:\/\/www.boberroehrsdorf.de\/wp-content\/uploads\/Schlesischer-Lehmapfel-21.April-2018-14-1024x683.jpg\" alt=\"\" width=\"1024\" height=\"683\" srcset=\"https:\/\/www.boberroehrsdorf.de\/wp-content\/uploads\/Schlesischer-Lehmapfel-21.April-2018-14-1024x683.jpg 1024w, https:\/\/www.boberroehrsdorf.de\/wp-content\/uploads\/Schlesischer-Lehmapfel-21.April-2018-14-300x200.jpg 300w, https:\/\/www.boberroehrsdorf.de\/wp-content\/uploads\/Schlesischer-Lehmapfel-21.April-2018-14-768x512.jpg 768w, https:\/\/www.boberroehrsdorf.de\/wp-content\/uploads\/Schlesischer-Lehmapfel-21.April-2018-14-800x533.jpg 800w\" sizes=\"(max-width: 1024px) 100vw, 1024px\" \/><\/a><p id=\"caption-attachment-1057\" class=\"wp-caption-text\">&#8222;Schlesischer Lehmapfel&#8220;<\/p><\/div>\n<p>Vor einigen Jahren pflanzten wir ein Apfelb\u00e4umchen, das mein Vater Horst Bl\u00fcmel mit seinen Enkeln Kristof und Moritz setzte. In diesem Jahr 2018 hat das B\u00e4umchen seine erste Bl\u00fcte gezeigt.<\/p>\n<h1 style=\"text-align: center;\">Wissen um seine Vorfahren und die Heimat ist nicht das Bewahren der Asche, sondern die Weitergabe der Glut!<\/h1>\n<p>p.s.: Unser Baum <em>&#8222;Schlesischer Lehmapfel&#8220;<\/em> ist eine alte schlesische Apfelsorte. Sie ist bereits von dem schlesischen Pomologen H\u00e4usler zu Hirschberg sowie vom Landes\u00f6konomierat Prof. Dr. Stoll im &#8222;Jahresbericht 1909 des K\u00f6nigl. Pomologischen Instituts zu Proskau&#8220; beschrieben worden. Heutzutage zu beziehen \u00fcber jeden guten Gartenbaubetrieb.<\/p>\n<p>Zitat aus einem alten Fachbuch der Pomologie: &#8222;Lehmapfel, eine Hauptsorte des schlesischen Obsthandels, wird gern gekauft und verdient auch h\u00f6here Preise.&#8220;<\/p>\n","protected":false},"excerpt":{"rendered":"<p>Vor einigen Jahren pflanzten wir ein Apfelb\u00e4umchen, das mein Vater Horst Bl\u00fcmel mit seinen Enkeln Kristof und Moritz setzte. In diesem Jahr 2018 hat das B\u00e4umchen seine erste Bl\u00fcte gezeigt. Wissen um seine Vorfahren und die Heimat ist nicht das Bewahren der Asche, sondern die Weitergabe der Glut! p.s.: Unser Baum &#8222;Schlesischer Lehmapfel&#8220; ist eine alte schlesische Apfelsorte. Sie ist<\/p>\n<p><a class=\"more-link\" href=\"https:\/\/www.boberroehrsdorf.de\/?page_id=1061\">Weiterlesen<\/a><\/p>\n","protected":false},"author":2,"featured_media":0,"parent":0,"menu_order":0,"comment_status":"closed","ping_status":"closed","template":"","meta":{"footnotes":""},"class_list":["post-1061","page","type-page","status-publish","hentry"],"_links":{"self":[{"href":"https:\/\/www.boberroehrsdorf.de\/index.php?rest_route=\/wp\/v2\/pages\/1061","targetHints":{"allow":["GET"]}}],"collection":[{"href":"https:\/\/www.boberroehrsdorf.de\/index.php?rest_route=\/wp\/v2\/pages"}],"about":[{"href":"https:\/\/www.boberroehrsdorf.de\/index.php?rest_route=\/wp\/v2\/types\/page"}],"author":[{"embeddable":true,"href":"https:\/\/www.boberroehrsdorf.de\/index.php?rest_route=\/wp\/v2\/users\/2"}],"replies":[{"embeddable":true,"href":"https:\/\/www.boberroehrsdorf.de\/index.php?rest_route=%2Fwp%2Fv2%2Fcomments&post=1061"}],"version-history":[{"count":10,"href":"https:\/\/www.boberroehrsdorf.de\/index.php?rest_route=\/wp\/v2\/pages\/1061\/revisions"}],"predecessor-version":[{"id":1388,"href":"https:\/\/www.boberroehrsdorf.de\/index.php?rest_route=\/wp\/v2\/pages\/1061\/revisions\/1388"}],"wp:attachment":[{"href":"https:\/\/www.boberroehrsdorf.de\/index.php?rest_route=%2Fwp%2Fv2%2Fmedia&parent=1061"}],"curies":[{"name":"wp","href":"https:\/\/api.w.org\/{rel}","templated":true}]}}