{"id":1058,"date":"2018-04-21T19:38:16","date_gmt":"2018-04-21T17:38:16","guid":{"rendered":"https:\/\/www.boberroehrsdorf.de\/?page_id=1058"},"modified":"2019-01-06T04:26:31","modified_gmt":"2019-01-06T02:26:31","slug":"talsperre-boberroehrsdorf-mit-kraftwerk","status":"publish","type":"page","link":"https:\/\/www.boberroehrsdorf.de\/?page_id=1058","title":{"rendered":"Talsperre Boberr\u00f6hrsdorf mit Kraftwerk"},"content":{"rendered":"<h1>Boberr\u00f6hrsdorfer Talsperre mit Kraftwerk<\/h1>\n<p>Im Jahre 1907 wurde der Bau der gro\u00dfen Talsperre bei Mauer am Bober unter Leitung von Herrn Baurat Bachmann begonnen und im Jahre 1913 im Beisein Kaiser Wilhelms II. eingeweiht. Die Talsperre hat ein Fassungsverm\u00f6gen von 50 Millionen m\u00b3 Wasser. (Anm.: Damit war sie lange Zeit die gr\u00f6\u00dfte Talsperre Europas) Unterhalb der 275 m langen und 45 m hohen Mauer befindet sich ein gro\u00dfes Kraftwerk zur Elektritzit\u00e4tsgewinnung.<\/p>\n<p>Im Jahre 1924 wurde in Boberr\u00f6hrsdorf am Ausgang der S<span style=\"font-size: 1rem;\">attlerschlucht<\/span><span style=\"font-size: 1rem;\">\u00a0eine Talsperre mit Kraftwerk gebaut. In diesem Zusammenhang <\/span>entstand<span style=\"font-size: 1rem;\">\u00a0auch die Turmsteinbaude\u00a0am linken Boberufer, gegen\u00fcber dem Turmsteinfelsen. Nach Fertigstellung dieser Talsperre wurde am Ausgang der Vorwerksberge bei Boberullersdorf eine weitere Talsperre mit Kraftwerk gebaut, soda\u00df drei\u00a0<\/span>Talsperren unmittelbar hintereinander liegen. Die Sperren Boberr\u00f6hrsdorf und Boberullersdorf dienen nur der Elektrizit\u00e4tsversorgung. Etwas sp\u00e4ter kaufte die Provinzialverwaltung die Holzstofffabrik von Winzer und baute diese Staustufe auch als Elektrizit\u00e4tswerk aus. Dieses Werk lief bereits vollautomatisch und wurde vom E-Werk Boberr\u00f6hrsdorf bedient und gesteuert. Diese Automatik machte den Polen viel zu schaffen und Kopfzerbrechen.<\/p>\n<p>Text entnommen der &#8222;Boberr\u00f6hrsdorfer Chronik&#8220; von Herrn Herrmann Exner; wahrscheinlich aus der &#8222;Schlesischen Bergwacht&#8220;.<\/p>\n<div id=\"attachment_1212\" style=\"width: 460px\" class=\"wp-caption alignnone\"><a href=\"https:\/\/www.boberroehrsdorf.de\/wp-content\/uploads\/IMG_20180422_0016-1.jpg\"><img fetchpriority=\"high\" decoding=\"async\" aria-describedby=\"caption-attachment-1212\" class=\"wp-image-1212\" src=\"https:\/\/www.boberroehrsdorf.de\/wp-content\/uploads\/IMG_20180422_0016-1-300x195.jpg\" alt=\"\" width=\"450\" height=\"292\" srcset=\"https:\/\/www.boberroehrsdorf.de\/wp-content\/uploads\/IMG_20180422_0016-1-300x195.jpg 300w, https:\/\/www.boberroehrsdorf.de\/wp-content\/uploads\/IMG_20180422_0016-1-768x498.jpg 768w, https:\/\/www.boberroehrsdorf.de\/wp-content\/uploads\/IMG_20180422_0016-1-800x519.jpg 800w, https:\/\/www.boberroehrsdorf.de\/wp-content\/uploads\/IMG_20180422_0016-1.jpg 888w\" sizes=\"(max-width: 450px) 100vw, 450px\" \/><\/a><p id=\"caption-attachment-1212\" class=\"wp-caption-text\">Alte Postkarte Boberr\u00f6hrsdorfer Elektrizit\u00e4tswerk und Turmsteinbaude<\/p><\/div>\n<div id=\"attachment_1242\" style=\"width: 460px\" class=\"wp-caption alignnone\"><a href=\"https:\/\/www.boberroehrsdorf.de\/wp-content\/uploads\/IMG_7919.jpg\"><img decoding=\"async\" aria-describedby=\"caption-attachment-1242\" class=\"wp-image-1242\" src=\"https:\/\/www.boberroehrsdorf.de\/wp-content\/uploads\/IMG_7919-300x200.jpg\" alt=\"\" width=\"450\" height=\"300\" srcset=\"https:\/\/www.boberroehrsdorf.de\/wp-content\/uploads\/IMG_7919-300x200.jpg 300w, https:\/\/www.boberroehrsdorf.de\/wp-content\/uploads\/IMG_7919-768x512.jpg 768w, https:\/\/www.boberroehrsdorf.de\/wp-content\/uploads\/IMG_7919-1024x683.jpg 1024w, https:\/\/www.boberroehrsdorf.de\/wp-content\/uploads\/IMG_7919-800x533.jpg 800w, https:\/\/www.boberroehrsdorf.de\/wp-content\/uploads\/IMG_7919.jpg 1660w\" sizes=\"(max-width: 450px) 100vw, 450px\" \/><\/a><p id=\"caption-attachment-1242\" class=\"wp-caption-text\">Kraftwerk 2018<\/p><\/div>\n<div id=\"attachment_1241\" style=\"width: 460px\" class=\"wp-caption alignnone\"><a href=\"https:\/\/www.boberroehrsdorf.de\/wp-content\/uploads\/IMG_7924.jpg\"><img decoding=\"async\" aria-describedby=\"caption-attachment-1241\" class=\"wp-image-1241\" src=\"https:\/\/www.boberroehrsdorf.de\/wp-content\/uploads\/IMG_7924-300x200.jpg\" alt=\"\" width=\"450\" height=\"300\" srcset=\"https:\/\/www.boberroehrsdorf.de\/wp-content\/uploads\/IMG_7924-300x200.jpg 300w, https:\/\/www.boberroehrsdorf.de\/wp-content\/uploads\/IMG_7924-768x512.jpg 768w, https:\/\/www.boberroehrsdorf.de\/wp-content\/uploads\/IMG_7924-1024x683.jpg 1024w, https:\/\/www.boberroehrsdorf.de\/wp-content\/uploads\/IMG_7924-800x533.jpg 800w, https:\/\/www.boberroehrsdorf.de\/wp-content\/uploads\/IMG_7924.jpg 1660w\" sizes=\"(max-width: 450px) 100vw, 450px\" \/><\/a><p id=\"caption-attachment-1241\" class=\"wp-caption-text\">Kraftwerk 2018, Rechts Turmsteinbaude<\/p><\/div>\n<div id=\"attachment_1243\" style=\"width: 460px\" class=\"wp-caption alignnone\"><a href=\"https:\/\/www.boberroehrsdorf.de\/wp-content\/uploads\/IMG_5569.jpg\"><img loading=\"lazy\" decoding=\"async\" aria-describedby=\"caption-attachment-1243\" class=\"wp-image-1243\" src=\"https:\/\/www.boberroehrsdorf.de\/wp-content\/uploads\/IMG_5569-300x200.jpg\" alt=\"\" width=\"450\" height=\"300\" srcset=\"https:\/\/www.boberroehrsdorf.de\/wp-content\/uploads\/IMG_5569-300x200.jpg 300w, https:\/\/www.boberroehrsdorf.de\/wp-content\/uploads\/IMG_5569-768x512.jpg 768w, https:\/\/www.boberroehrsdorf.de\/wp-content\/uploads\/IMG_5569-1024x682.jpg 1024w, https:\/\/www.boberroehrsdorf.de\/wp-content\/uploads\/IMG_5569-800x533.jpg 800w, https:\/\/www.boberroehrsdorf.de\/wp-content\/uploads\/IMG_5569.jpg 1349w\" sizes=\"(max-width: 450px) 100vw, 450px\" \/><\/a><p id=\"caption-attachment-1243\" class=\"wp-caption-text\">2014 Geleerter Stausee, der m\u00e4chtige Granit des Gebirges kommt zutage<\/p><\/div>\n<div id=\"attachment_749\" style=\"width: 460px\" class=\"wp-caption alignnone\"><a href=\"https:\/\/www.boberroehrsdorf.de\/wp-content\/uploads\/IMG_4455.jpg\"><img loading=\"lazy\" decoding=\"async\" aria-describedby=\"caption-attachment-749\" class=\"wp-image-749\" src=\"https:\/\/www.boberroehrsdorf.de\/wp-content\/uploads\/IMG_4455-300x200.jpg\" alt=\"\" width=\"450\" height=\"300\" srcset=\"https:\/\/www.boberroehrsdorf.de\/wp-content\/uploads\/IMG_4455-300x200.jpg 300w, https:\/\/www.boberroehrsdorf.de\/wp-content\/uploads\/IMG_4455-768x512.jpg 768w, https:\/\/www.boberroehrsdorf.de\/wp-content\/uploads\/IMG_4455-1024x683.jpg 1024w, https:\/\/www.boberroehrsdorf.de\/wp-content\/uploads\/IMG_4455-800x533.jpg 800w, https:\/\/www.boberroehrsdorf.de\/wp-content\/uploads\/IMG_4455.jpg 1984w\" sizes=\"(max-width: 450px) 100vw, 450px\" \/><\/a><p id=\"caption-attachment-749\" class=\"wp-caption-text\">2017 Kraftwerk an der Talsperre Boberr\u00f6hrsdorf<\/p><\/div>\n<div id=\"attachment_1216\" style=\"width: 460px\" class=\"wp-caption alignnone\"><a href=\"https:\/\/www.boberroehrsdorf.de\/wp-content\/uploads\/3-Familienhaus-Kraftwerk-Fam.-H\u00fctter-und-Menzel-von-G.-Dittrich.jpg\"><img loading=\"lazy\" decoding=\"async\" aria-describedby=\"caption-attachment-1216\" class=\"wp-image-1216\" src=\"https:\/\/www.boberroehrsdorf.de\/wp-content\/uploads\/3-Familienhaus-Kraftwerk-Fam.-H\u00fctter-und-Menzel-von-G.-Dittrich-300x223.jpg\" alt=\"\" width=\"450\" height=\"334\" srcset=\"https:\/\/www.boberroehrsdorf.de\/wp-content\/uploads\/3-Familienhaus-Kraftwerk-Fam.-H\u00fctter-und-Menzel-von-G.-Dittrich-300x223.jpg 300w, https:\/\/www.boberroehrsdorf.de\/wp-content\/uploads\/3-Familienhaus-Kraftwerk-Fam.-H\u00fctter-und-Menzel-von-G.-Dittrich.jpg 750w\" sizes=\"(max-width: 450px) 100vw, 450px\" \/><\/a><p id=\"caption-attachment-1216\" class=\"wp-caption-text\">Ca. 1925 Wohnhaus der Betriebsfachleute am Kraftwerk, 3-Familienhaus 1. Fam. H\u00fctter 2. Fam Menzel 3. Fam ?? (Fotofundus G. Dittrich (\u2020))<\/p><\/div>\n<p>&nbsp;<\/p>\n<p>&nbsp;<\/p>\n<div id=\"attachment_1071\" style=\"width: 460px\" class=\"wp-caption alignnone\"><a href=\"https:\/\/www.boberroehrsdorf.de\/wp-content\/uploads\/Familienhaus-Kraftwerk-2017.jpg\"><img loading=\"lazy\" decoding=\"async\" aria-describedby=\"caption-attachment-1071\" class=\"wp-image-1071\" src=\"https:\/\/www.boberroehrsdorf.de\/wp-content\/uploads\/Familienhaus-Kraftwerk-2017-300x200.jpg\" alt=\"\" width=\"450\" height=\"300\" srcset=\"https:\/\/www.boberroehrsdorf.de\/wp-content\/uploads\/Familienhaus-Kraftwerk-2017-300x200.jpg 300w, https:\/\/www.boberroehrsdorf.de\/wp-content\/uploads\/Familienhaus-Kraftwerk-2017-768x512.jpg 768w, https:\/\/www.boberroehrsdorf.de\/wp-content\/uploads\/Familienhaus-Kraftwerk-2017-1024x683.jpg 1024w, https:\/\/www.boberroehrsdorf.de\/wp-content\/uploads\/Familienhaus-Kraftwerk-2017-800x533.jpg 800w, https:\/\/www.boberroehrsdorf.de\/wp-content\/uploads\/Familienhaus-Kraftwerk-2017.jpg 1296w\" sizes=\"(max-width: 450px) 100vw, 450px\" \/><\/a><p id=\"caption-attachment-1071\" class=\"wp-caption-text\">2017 Wohnhaus am Kraftwerk<\/p><\/div>\n<p>&#8222;Den Wogen zum Trutz&#8220; von Klaus Christian Kasper; &#8222;Die schlesischen Talsperren im Flu\u00dfgebiet des Bober und des Queis von anno dazumal bis 1945&#8220; ISBN 3-930567-12-1<\/p>\n<p>Wer sich f\u00fcr die schlesischen Talsperren interessiert, dem sei diese wunderbare Dokumentation ans Herz gelegt.<\/p>\n","protected":false},"excerpt":{"rendered":"<p>Boberr\u00f6hrsdorfer Talsperre mit Kraftwerk Im Jahre 1907 wurde der Bau der gro\u00dfen Talsperre bei Mauer am Bober unter Leitung von Herrn Baurat Bachmann begonnen und im Jahre 1913 im Beisein Kaiser Wilhelms II. eingeweiht. Die Talsperre hat ein Fassungsverm\u00f6gen von 50 Millionen m\u00b3 Wasser. (Anm.: Damit war sie lange Zeit die gr\u00f6\u00dfte Talsperre Europas) Unterhalb der 275 m langen und<\/p>\n<p><a class=\"more-link\" href=\"https:\/\/www.boberroehrsdorf.de\/?page_id=1058\">Weiterlesen<\/a><\/p>\n","protected":false},"author":2,"featured_media":0,"parent":0,"menu_order":0,"comment_status":"closed","ping_status":"closed","template":"","meta":{"footnotes":""},"class_list":["post-1058","page","type-page","status-publish","hentry"],"_links":{"self":[{"href":"https:\/\/www.boberroehrsdorf.de\/index.php?rest_route=\/wp\/v2\/pages\/1058","targetHints":{"allow":["GET"]}}],"collection":[{"href":"https:\/\/www.boberroehrsdorf.de\/index.php?rest_route=\/wp\/v2\/pages"}],"about":[{"href":"https:\/\/www.boberroehrsdorf.de\/index.php?rest_route=\/wp\/v2\/types\/page"}],"author":[{"embeddable":true,"href":"https:\/\/www.boberroehrsdorf.de\/index.php?rest_route=\/wp\/v2\/users\/2"}],"replies":[{"embeddable":true,"href":"https:\/\/www.boberroehrsdorf.de\/index.php?rest_route=%2Fwp%2Fv2%2Fcomments&post=1058"}],"version-history":[{"count":11,"href":"https:\/\/www.boberroehrsdorf.de\/index.php?rest_route=\/wp\/v2\/pages\/1058\/revisions"}],"predecessor-version":[{"id":1246,"href":"https:\/\/www.boberroehrsdorf.de\/index.php?rest_route=\/wp\/v2\/pages\/1058\/revisions\/1246"}],"wp:attachment":[{"href":"https:\/\/www.boberroehrsdorf.de\/index.php?rest_route=%2Fwp%2Fv2%2Fmedia&parent=1058"}],"curies":[{"name":"wp","href":"https:\/\/api.w.org\/{rel}","templated":true}]}}