{"id":1037,"date":"2018-04-21T18:11:52","date_gmt":"2018-04-21T16:11:52","guid":{"rendered":"https:\/\/www.boberroehrsdorf.de\/?page_id=1037"},"modified":"2019-01-06T21:33:13","modified_gmt":"2019-01-06T19:33:13","slug":"heimathaeuser","status":"publish","type":"page","link":"https:\/\/www.boberroehrsdorf.de\/?page_id=1037","title":{"rendered":"Heemte-Heimath\u00e4user"},"content":{"rendered":"<p>&nbsp;<\/p>\n<p>&nbsp;<\/p>\n<div id=\"attachment_1031\" style=\"width: 410px\" class=\"wp-caption alignleft\"><a href=\"https:\/\/www.boberroehrsdorf.de\/wp-content\/uploads\/B\u00fcchelberg-195-3.jpg\"><img fetchpriority=\"high\" decoding=\"async\" aria-describedby=\"caption-attachment-1031\" class=\"wp-image-1031\" src=\"https:\/\/www.boberroehrsdorf.de\/wp-content\/uploads\/B\u00fcchelberg-195-3-300x225.jpg\" alt=\"\" width=\"400\" height=\"300\" srcset=\"https:\/\/www.boberroehrsdorf.de\/wp-content\/uploads\/B\u00fcchelberg-195-3-300x225.jpg 300w, https:\/\/www.boberroehrsdorf.de\/wp-content\/uploads\/B\u00fcchelberg-195-3-768x576.jpg 768w, https:\/\/www.boberroehrsdorf.de\/wp-content\/uploads\/B\u00fcchelberg-195-3-1024x768.jpg 1024w, https:\/\/www.boberroehrsdorf.de\/wp-content\/uploads\/B\u00fcchelberg-195-3-800x600.jpg 800w, https:\/\/www.boberroehrsdorf.de\/wp-content\/uploads\/B\u00fcchelberg-195-3-400x300.jpg 400w, https:\/\/www.boberroehrsdorf.de\/wp-content\/uploads\/B\u00fcchelberg-195-3.jpg 2048w\" sizes=\"(max-width: 400px) 100vw, 400px\" \/><\/a><p id=\"caption-attachment-1031\" class=\"wp-caption-text\">1925 B\u00fcchelberg Nr. 195, Haus meines Ur-Gro\u00dfvaters Paul Bl\u00fcmel; Hier Willi (mein Gro\u00dfonkel, stehend) und Walter Bl\u00fcmel. Beide sp\u00e4ter in Stalingrad verblieben.<\/p><\/div>\n<div id=\"attachment_1030\" style=\"width: 410px\" class=\"wp-caption alignnone\"><a href=\"https:\/\/www.boberroehrsdorf.de\/wp-content\/uploads\/Elternhaus-von-Erika-Geisler-Engels.jpg\"><img decoding=\"async\" aria-describedby=\"caption-attachment-1030\" class=\"wp-image-1030\" src=\"https:\/\/www.boberroehrsdorf.de\/wp-content\/uploads\/Elternhaus-von-Erika-Geisler-Engels-300x200.jpg\" alt=\"\" width=\"400\" height=\"267\" srcset=\"https:\/\/www.boberroehrsdorf.de\/wp-content\/uploads\/Elternhaus-von-Erika-Geisler-Engels-300x200.jpg 300w, https:\/\/www.boberroehrsdorf.de\/wp-content\/uploads\/Elternhaus-von-Erika-Geisler-Engels-768x512.jpg 768w, https:\/\/www.boberroehrsdorf.de\/wp-content\/uploads\/Elternhaus-von-Erika-Geisler-Engels-800x533.jpg 800w, https:\/\/www.boberroehrsdorf.de\/wp-content\/uploads\/Elternhaus-von-Erika-Geisler-Engels.jpg 888w\" sizes=\"(max-width: 400px) 100vw, 400px\" \/><\/a><p id=\"caption-attachment-1030\" class=\"wp-caption-text\">Elternhaus Erika Geisler (Engels), Foto v. Gerhardt Dittrich (\u2020)<\/p><\/div>\n<p>&nbsp;<\/p>\n<div id=\"attachment_1074\" style=\"width: 410px\" class=\"wp-caption alignnone\"><a href=\"https:\/\/www.boberroehrsdorf.de\/wp-content\/uploads\/IMG_20180209_0012.jpg\"><img decoding=\"async\" aria-describedby=\"caption-attachment-1074\" class=\"wp-image-1074\" src=\"https:\/\/www.boberroehrsdorf.de\/wp-content\/uploads\/IMG_20180209_0012-300x196.jpg\" alt=\"\" width=\"400\" height=\"261\" srcset=\"https:\/\/www.boberroehrsdorf.de\/wp-content\/uploads\/IMG_20180209_0012-300x196.jpg 300w, https:\/\/www.boberroehrsdorf.de\/wp-content\/uploads\/IMG_20180209_0012-768x502.jpg 768w, https:\/\/www.boberroehrsdorf.de\/wp-content\/uploads\/IMG_20180209_0012-800x523.jpg 800w, https:\/\/www.boberroehrsdorf.de\/wp-content\/uploads\/IMG_20180209_0012.jpg 929w\" sizes=\"(max-width: 400px) 100vw, 400px\" \/><\/a><p id=\"caption-attachment-1074\" class=\"wp-caption-text\">Haus Nr. 93 um 1925, Foto von Klaus Dittrich; Das Haus stand bei den &#8222;Sieben H\u00e4usern&#8220; und ist abgerissen. Zu sehen sind die Urgro\u00dfeltern von K. Dittrich sowie sein Gro\u00dfvater<\/p><\/div>\n<div id=\"attachment_138\" style=\"width: 410px\" class=\"wp-caption alignnone\"><a href=\"https:\/\/www.boberroehrsdorf.de\/wp-content\/uploads\/Haus-Exner-gegen\u00fcber-Paul-Bl\u00fcmel.jpg\"><img loading=\"lazy\" decoding=\"async\" aria-describedby=\"caption-attachment-138\" class=\"wp-image-138\" src=\"https:\/\/www.boberroehrsdorf.de\/wp-content\/uploads\/Haus-Exner-gegen\u00fcber-Paul-Bl\u00fcmel-300x186.jpg\" alt=\"\" width=\"400\" height=\"249\" srcset=\"https:\/\/www.boberroehrsdorf.de\/wp-content\/uploads\/Haus-Exner-gegen\u00fcber-Paul-Bl\u00fcmel-300x186.jpg 300w, https:\/\/www.boberroehrsdorf.de\/wp-content\/uploads\/Haus-Exner-gegen\u00fcber-Paul-Bl\u00fcmel-1024x637.jpg 1024w\" sizes=\"(max-width: 400px) 100vw, 400px\" \/><\/a><p id=\"caption-attachment-138\" class=\"wp-caption-text\">B\u00fcchelberg, Haus Exner, Nr.188? Alma Bl\u00fcmel mit ihrer Schw\u00e4gerin Emmi Fruhner mit Kindern, Geburtshaus von Horst Bl\u00fcmel. Das Haus existiert nicht mehr<\/p><\/div>\n<div id=\"attachment_1088\" style=\"width: 410px\" class=\"wp-caption alignnone\"><img loading=\"lazy\" decoding=\"async\" aria-describedby=\"caption-attachment-1088\" class=\"wp-image-1088\" src=\"https:\/\/www.boberroehrsdorf.de\/wp-content\/uploads\/Pohlsche-M\u00fchle-M\u00fchlweg-Fam.-Sch\u00f6nw\u00e4lder--300x202.jpg\" alt=\"\" width=\"400\" height=\"270\" srcset=\"https:\/\/www.boberroehrsdorf.de\/wp-content\/uploads\/Pohlsche-M\u00fchle-M\u00fchlweg-Fam.-Sch\u00f6nw\u00e4lder--300x202.jpg 300w, https:\/\/www.boberroehrsdorf.de\/wp-content\/uploads\/Pohlsche-M\u00fchle-M\u00fchlweg-Fam.-Sch\u00f6nw\u00e4lder--768x518.jpg 768w, https:\/\/www.boberroehrsdorf.de\/wp-content\/uploads\/Pohlsche-M\u00fchle-M\u00fchlweg-Fam.-Sch\u00f6nw\u00e4lder--800x539.jpg 800w, https:\/\/www.boberroehrsdorf.de\/wp-content\/uploads\/Pohlsche-M\u00fchle-M\u00fchlweg-Fam.-Sch\u00f6nw\u00e4lder-.jpg 869w\" sizes=\"(max-width: 400px) 100vw, 400px\" \/><p id=\"caption-attachment-1088\" class=\"wp-caption-text\">Pohlsche M\u00fchle, M\u00fchlweg. Whs. Fam Sch\u00f6nw\u00e4lder Foto v. Gerhardt Dittrich (\u2020)<\/p><\/div>\n<h1><span style=\"color: #003366;\">Eingesandt von Horst Menzel, Swisttal<\/span><\/h1>\n<p>Das Elternhaus von Horst Menzel im Laufe der Jahre. Haus neben Joseph Schuster. (Unterhalb der Siebenh\u00e4user)<\/p>\n<div id=\"attachment_1252\" style=\"width: 310px\" class=\"wp-caption alignleft\"><img loading=\"lazy\" decoding=\"async\" aria-describedby=\"caption-attachment-1252\" class=\"wp-image-1252 size-medium\" src=\"https:\/\/www.boberroehrsdorf.de\/wp-content\/uploads\/Menzel-Elternhaus1-300x199.jpg\" alt=\"\" width=\"300\" height=\"199\" srcset=\"https:\/\/www.boberroehrsdorf.de\/wp-content\/uploads\/Menzel-Elternhaus1-300x199.jpg 300w, https:\/\/www.boberroehrsdorf.de\/wp-content\/uploads\/Menzel-Elternhaus1-768x510.jpg 768w, https:\/\/www.boberroehrsdorf.de\/wp-content\/uploads\/Menzel-Elternhaus1-1024x680.jpg 1024w, https:\/\/www.boberroehrsdorf.de\/wp-content\/uploads\/Menzel-Elternhaus1-800x531.jpg 800w, https:\/\/www.boberroehrsdorf.de\/wp-content\/uploads\/Menzel-Elternhaus1.jpg 1728w\" sizes=\"(max-width: 300px) 100vw, 300px\" \/><p id=\"caption-attachment-1252\" class=\"wp-caption-text\">Menzel 1910<\/p><\/div>\n<div id=\"attachment_1249\" style=\"width: 310px\" class=\"wp-caption alignleft\"><img loading=\"lazy\" decoding=\"async\" aria-describedby=\"caption-attachment-1249\" class=\"wp-image-1249 size-medium\" src=\"https:\/\/www.boberroehrsdorf.de\/wp-content\/uploads\/Menzel-Elternhaus2-300x243.jpg\" alt=\"\" width=\"300\" height=\"243\" srcset=\"https:\/\/www.boberroehrsdorf.de\/wp-content\/uploads\/Menzel-Elternhaus2-300x243.jpg 300w, https:\/\/www.boberroehrsdorf.de\/wp-content\/uploads\/Menzel-Elternhaus2-768x621.jpg 768w, https:\/\/www.boberroehrsdorf.de\/wp-content\/uploads\/Menzel-Elternhaus2-1024x828.jpg 1024w, https:\/\/www.boberroehrsdorf.de\/wp-content\/uploads\/Menzel-Elternhaus2-800x647.jpg 800w, https:\/\/www.boberroehrsdorf.de\/wp-content\/uploads\/Menzel-Elternhaus2.jpg 1420w\" sizes=\"(max-width: 300px) 100vw, 300px\" \/><p id=\"caption-attachment-1249\" class=\"wp-caption-text\">Menzel 1930<\/p><\/div>\n<div id=\"attachment_1251\" style=\"width: 310px\" class=\"wp-caption alignright\"><img loading=\"lazy\" decoding=\"async\" aria-describedby=\"caption-attachment-1251\" class=\"wp-image-1251 size-medium\" src=\"https:\/\/www.boberroehrsdorf.de\/wp-content\/uploads\/Menzel-Elternhaus4-300x208.jpg\" alt=\"\" width=\"300\" height=\"208\" srcset=\"https:\/\/www.boberroehrsdorf.de\/wp-content\/uploads\/Menzel-Elternhaus4-300x208.jpg 300w, https:\/\/www.boberroehrsdorf.de\/wp-content\/uploads\/Menzel-Elternhaus4-768x533.jpg 768w, https:\/\/www.boberroehrsdorf.de\/wp-content\/uploads\/Menzel-Elternhaus4-1024x711.jpg 1024w, https:\/\/www.boberroehrsdorf.de\/wp-content\/uploads\/Menzel-Elternhaus4-800x555.jpg 800w, https:\/\/www.boberroehrsdorf.de\/wp-content\/uploads\/Menzel-Elternhaus4.jpg 1544w\" sizes=\"(max-width: 300px) 100vw, 300px\" \/><p id=\"caption-attachment-1251\" class=\"wp-caption-text\">Menzel 1990<\/p><\/div>\n<div id=\"attachment_1250\" style=\"width: 310px\" class=\"wp-caption alignnone\"><img loading=\"lazy\" decoding=\"async\" aria-describedby=\"caption-attachment-1250\" class=\"wp-image-1250 size-medium\" src=\"https:\/\/www.boberroehrsdorf.de\/wp-content\/uploads\/Menzel-Elternhaus3-300x215.jpg\" alt=\"\" width=\"300\" height=\"215\" srcset=\"https:\/\/www.boberroehrsdorf.de\/wp-content\/uploads\/Menzel-Elternhaus3-300x215.jpg 300w, https:\/\/www.boberroehrsdorf.de\/wp-content\/uploads\/Menzel-Elternhaus3-768x551.jpg 768w, https:\/\/www.boberroehrsdorf.de\/wp-content\/uploads\/Menzel-Elternhaus3-1024x735.jpg 1024w, https:\/\/www.boberroehrsdorf.de\/wp-content\/uploads\/Menzel-Elternhaus3-800x574.jpg 800w, https:\/\/www.boberroehrsdorf.de\/wp-content\/uploads\/Menzel-Elternhaus3.jpg 1104w\" sizes=\"(max-width: 300px) 100vw, 300px\" \/><p id=\"caption-attachment-1250\" class=\"wp-caption-text\">Menzel 1940<\/p><\/div>\n<p>&nbsp;<\/p>\n","protected":false},"excerpt":{"rendered":"<p>&nbsp; &nbsp; &nbsp; Eingesandt von Horst Menzel, Swisttal Das Elternhaus von Horst Menzel im Laufe der Jahre. Haus neben Joseph Schuster. (Unterhalb der Siebenh\u00e4user) &nbsp;<\/p>\n","protected":false},"author":2,"featured_media":1042,"parent":0,"menu_order":0,"comment_status":"closed","ping_status":"closed","template":"","meta":{"footnotes":""},"class_list":["post-1037","page","type-page","status-publish","has-post-thumbnail","hentry"],"_links":{"self":[{"href":"https:\/\/www.boberroehrsdorf.de\/index.php?rest_route=\/wp\/v2\/pages\/1037","targetHints":{"allow":["GET"]}}],"collection":[{"href":"https:\/\/www.boberroehrsdorf.de\/index.php?rest_route=\/wp\/v2\/pages"}],"about":[{"href":"https:\/\/www.boberroehrsdorf.de\/index.php?rest_route=\/wp\/v2\/types\/page"}],"author":[{"embeddable":true,"href":"https:\/\/www.boberroehrsdorf.de\/index.php?rest_route=\/wp\/v2\/users\/2"}],"replies":[{"embeddable":true,"href":"https:\/\/www.boberroehrsdorf.de\/index.php?rest_route=%2Fwp%2Fv2%2Fcomments&post=1037"}],"version-history":[{"count":18,"href":"https:\/\/www.boberroehrsdorf.de\/index.php?rest_route=\/wp\/v2\/pages\/1037\/revisions"}],"predecessor-version":[{"id":1269,"href":"https:\/\/www.boberroehrsdorf.de\/index.php?rest_route=\/wp\/v2\/pages\/1037\/revisions\/1269"}],"wp:featuredmedia":[{"embeddable":true,"href":"https:\/\/www.boberroehrsdorf.de\/index.php?rest_route=\/wp\/v2\/media\/1042"}],"wp:attachment":[{"href":"https:\/\/www.boberroehrsdorf.de\/index.php?rest_route=%2Fwp%2Fv2%2Fmedia&parent=1037"}],"curies":[{"name":"wp","href":"https:\/\/api.w.org\/{rel}","templated":true}]}}